{"id":17261,"date":"2025-08-08T12:13:50","date_gmt":"2025-08-08T10:13:50","guid":{"rendered":"https:\/\/staging.fascia.be\/?page_id=17261"},"modified":"2025-08-12T10:03:54","modified_gmt":"2025-08-12T08:03:54","slug":"opleidingskader-leerdoelen","status":"publish","type":"page","link":"https:\/\/staging.fascia.be\/fr\/somato-psychopedagogie\/opleidingskader-leerdoelen\/","title":{"rendered":"Opleidingskader en leerdoelen"},"content":{"rendered":"\n<p>De pedagogie en begeleiding vertrekt vanuit een ge\u00efntegreerde kijk op de mens, waarin lichaam en geest als \u00e9\u00e9n ondeelbaar geheel worden benaderd. Binnen deze benadering speelt het fascia-netwerk \u2013 het bindweefsel dat het hele lichaam doorkruist \u2013 een centrale rol. Fascia wordt steeds meer erkend o.a. als een sleutelcomponent in zowel het ontstaan als het aanhouden van klachten.<\/p>\n\n\n\n<p>Dit relatief nieuwe werkgebied binnen de medische wereld vormt een belangrijk&nbsp;<strong>onderzoeks- en praktijkkader&nbsp;<\/strong><sup>2<\/sup>&nbsp;&nbsp;in de opleiding.&nbsp;<\/p>\n\n\n\n<figure class=\"wp-block-gallery has-nested-images columns-default is-cropped wp-block-gallery-1 is-layout-flex wp-block-gallery-is-layout-flex\">\n<figure class=\"wp-block-image size-large\"><img loading=\"lazy\" decoding=\"async\" width=\"1024\" height=\"684\" data-id=\"17286\" src=\"https:\/\/staging.fascia.be\/wp-content\/uploads\/2025\/08\/Fascia-College-Somato-Psychopedagogie-07-1024x684.webp\" alt=\"\" class=\"wp-image-17286\" srcset=\"https:\/\/staging.fascia.be\/wp-content\/uploads\/2025\/08\/Fascia-College-Somato-Psychopedagogie-07-1024x684.webp 1024w, https:\/\/staging.fascia.be\/wp-content\/uploads\/2025\/08\/Fascia-College-Somato-Psychopedagogie-07-300x200.webp 300w, https:\/\/staging.fascia.be\/wp-content\/uploads\/2025\/08\/Fascia-College-Somato-Psychopedagogie-07-768x513.webp 768w, https:\/\/staging.fascia.be\/wp-content\/uploads\/2025\/08\/Fascia-College-Somato-Psychopedagogie-07-1536x1026.webp 1536w, https:\/\/staging.fascia.be\/wp-content\/uploads\/2025\/08\/Fascia-College-Somato-Psychopedagogie-07.webp 1617w\" sizes=\"auto, (max-width: 1024px) 100vw, 1024px\" \/><\/figure>\n\n\n\n<figure class=\"wp-block-image size-large\"><img loading=\"lazy\" decoding=\"async\" width=\"1024\" height=\"684\" data-id=\"17294\" src=\"https:\/\/staging.fascia.be\/wp-content\/uploads\/2025\/08\/Fascia-College-Somato-Psychopedagogie-11-1024x684.webp\" alt=\"\" class=\"wp-image-17294\" srcset=\"https:\/\/staging.fascia.be\/wp-content\/uploads\/2025\/08\/Fascia-College-Somato-Psychopedagogie-11-1024x684.webp 1024w, https:\/\/staging.fascia.be\/wp-content\/uploads\/2025\/08\/Fascia-College-Somato-Psychopedagogie-11-300x200.webp 300w, https:\/\/staging.fascia.be\/wp-content\/uploads\/2025\/08\/Fascia-College-Somato-Psychopedagogie-11-768x513.webp 768w, https:\/\/staging.fascia.be\/wp-content\/uploads\/2025\/08\/Fascia-College-Somato-Psychopedagogie-11-1536x1026.webp 1536w, https:\/\/staging.fascia.be\/wp-content\/uploads\/2025\/08\/Fascia-College-Somato-Psychopedagogie-11.webp 1617w\" sizes=\"auto, (max-width: 1024px) 100vw, 1024px\" \/><\/figure>\n\n\n\n<figure class=\"wp-block-image size-large\"><img loading=\"lazy\" decoding=\"async\" width=\"1024\" height=\"684\" data-id=\"17296\" src=\"https:\/\/staging.fascia.be\/wp-content\/uploads\/2025\/08\/Fascia-College-Somato-Psychopedagogie-12-1024x684.webp\" alt=\"\" class=\"wp-image-17296\" srcset=\"https:\/\/staging.fascia.be\/wp-content\/uploads\/2025\/08\/Fascia-College-Somato-Psychopedagogie-12-1024x684.webp 1024w, https:\/\/staging.fascia.be\/wp-content\/uploads\/2025\/08\/Fascia-College-Somato-Psychopedagogie-12-300x200.webp 300w, https:\/\/staging.fascia.be\/wp-content\/uploads\/2025\/08\/Fascia-College-Somato-Psychopedagogie-12-768x513.webp 768w, https:\/\/staging.fascia.be\/wp-content\/uploads\/2025\/08\/Fascia-College-Somato-Psychopedagogie-12-1536x1026.webp 1536w, https:\/\/staging.fascia.be\/wp-content\/uploads\/2025\/08\/Fascia-College-Somato-Psychopedagogie-12.webp 1617w\" sizes=\"auto, (max-width: 1024px) 100vw, 1024px\" \/><\/figure>\n<\/figure>\n\n\n\n<p>Vanuit dit kader word je opgeleid in de methode spp:<\/p>\n\n\n\n<p>1.&nbsp;&nbsp;&nbsp;&nbsp;&nbsp;&nbsp;&nbsp;&nbsp;&nbsp;<strong>door manuele begeleiding<\/strong><\/p>\n\n\n\n<p>Via fasciale manuele begeleiding van het lichaam, die&nbsp;<strong>zachte en vloeiende manuele technieken<\/strong>&nbsp;<sup>3<\/sup>&nbsp;omvat, worden spanningszones in het lichaam opgelost. Er wordt een homogene en coherente beweging in het hele lichaam hersteld, waardoor men een toestand van eenheid en globaliteit terugvindt, meer vitaliteit voelt en een rijker bewustzijn van zichzelf ervaart.<\/p>\n\n\n\n<p>2.&nbsp;&nbsp;&nbsp;&nbsp;&nbsp;&nbsp;&nbsp;&nbsp;&nbsp;<strong>door sensori\u00eble beweging<\/strong><\/p>\n\n\n\n<p>De sensori\u00eble beweging is een zachte, globale lichaamsbeweging die toelaat om tijdens de actie een direct en bewust contact met het eigen lichaam aan te gaan. De choreografie bestaat uit simpele bewegingen, die uitgevoerd worden in een ontspannen traagheid. Deze bewegingspedagogie kan zowel in individuele sessies als in groep worden aangeboden.<\/p>\n\n\n\n<p>3.&nbsp;&nbsp;&nbsp;&nbsp;&nbsp;&nbsp;&nbsp;&nbsp;&nbsp;<strong>door sensori\u00eble introspectie (<em>meditatie<\/em>)<\/strong><\/p>\n\n\n\n<p>De sensori\u00eble introspectie is een uitnodiging om aandachtig naar zichzelf te luisteren. Dit gebeurt in een immobiele toestand. Geleidelijk aan ontstaat door de groeiende interne lichaamsperceptie een sterker gevoel van bestaan. Dit gaat samen met een toestand van stabiliteit en evenwicht.<\/p>\n\n\n\n<p>4.&nbsp;&nbsp;&nbsp;&nbsp;&nbsp;&nbsp;&nbsp;&nbsp;&nbsp;<strong>door het gesprek<\/strong><\/p>\n\n\n\n<p>De verschillende lichamelijke oefensituaties worden aangevuld met momenten van gesprek om te helpen de interne ervaring te beschrijven en verkennen. Het verwoorden van de ervaring draagt niet alleen bij tot een betere bewustwording van de beleefde waarneming, maar helpt ook ze te (h)erkennen en duidelijke inzichten te verschaffen.<\/p>\n\n\n\n<p>Hiermee ontwikkelt de cursist zijn waarnemingsvermogen van zowel de lichamelijke als de mentale processen alsook de wisselwerking tussen beiden, ontstaan er nieuwe vaardigheden die helpen bij zelfobservatie, reflectie en het zoeken naar aangepaste oplossingen voor \u2018knelpunten\u2019 in het&nbsp;&nbsp;persoonlijke leven. Zo kan men als coach deze methode\/pedagogie ook gaan inzetten.<\/p>\n\n\n\n<p>De opleiding introduceert hiermee een verruimde en ge\u00efntegreerde benaderingswijze voor het ondersteunen van personen met \u2018diverse\u2019 klachten. Hiermee worden nieuwe mogelijkheden geopend binnen zowel de preventieve als curatieve zorgpraktijk, en wordt een dieper begrip van de mens in zijn totaliteit bevorderd.<\/p>\n\n\n\n<p><strong><u>Leerdoeleinden<\/u><\/strong><\/p>\n\n\n\n<p>De tweejarige opleiding tot somato-psychopedagoog vormt deelnemers tot deskundigen in het begeleiden van mensen met lichamelijke en\/of psycho-emotionele klachten die hun dagelijks functioneren be\u00efnvloeden.&nbsp;<\/p>\n\n\n\n<p>Daarnaast biedt de opleiding ook handvatten voor het ondersteunen van personen die hun persoonlijke groei willen versterken of, in het geval van een ernstige aandoening, hun welzijn willen verbeteren.&nbsp;<\/p>\n\n\n\n<p>Na het afronden van de basisopleiding :<\/p>\n\n\n\n<ul class=\"wp-block-list\">\n<li>Heb je kennis van de basisprincipes en op welke wetenschappelijke modellen de S-PP gebaseerd is.<\/li>\n\n\n\n<li>Beschik je over de fundamentele kennis en vaardigheden om personen te begeleiden vanuit een ge\u00efntegreerde benadering van lichaam en geest.<\/li>\n\n\n\n<li>Ben je in staat om basic manuele fasciale technieken toe te passen met als doel het stressregulerend systeem in evenwicht te brengen en de betrokkenheid van de persoon in het begeleidingsproces te versterken.<\/li>\n\n\n\n<li>Kan je samen met je cli\u00ebnt op zoek gaan naar gepaste oplossingen, via een combinatie van bewegingsleer en lichaamsgerichte bewustwording.<\/li>\n\n\n\n<li>Kan je&nbsp;&nbsp;je&nbsp;&nbsp;cli\u00ebnten begeleiden in het bewustwordingsproces van onderliggende lichamelijke en emotionele spanningen.<\/li>\n<\/ul>\n\n\n\n<p>De inzichten en vaardigheden die je opdoet, kun je integreren in je huidige professionele praktijk of inzetten als een op zichzelf staande begeleidingsvorm binnen een bredere zorgcontext.<\/p>\n\n\n\n<div class=\"fascia-button-wrapper\"><a href=\"https:\/\/staging.fascia.be\/basisopleiding\/basisopleiding-somato-psychopedagogie-promotiegroep-2025\/\" class=\"btn btn-somato-primary\">Bekijk de opleiding<\/a><\/div>\n\n\n\n<div style=\"height:27px\" aria-hidden=\"true\" class=\"wp-block-spacer\"><\/div>\n\n\n\n<p class=\"has-small-font-size\"><em><a><sup>2<\/sup><\/a>&nbsp;CERAP is een van de zes onderzoekscentra aan de Universiteit Fernando Pessoa (Porto, Portugal) www.cerap.org&nbsp;<\/em><br><em><sup>3<\/sup>&nbsp;Fasciale manuele technieken bestaan uit zachte rek- en druk- en bewegingstechnieken die naast salutogene lichamelijke processen ook bewustwordingsprincipes in gang zetten. Zij houden geen manipulaties in.<\/em><\/p>\n","protected":false},"excerpt":{"rendered":"<p>De pedagogie en begeleiding vertrekt vanuit een ge\u00efntegreerde kijk op de mens, waarin lichaam en geest als \u00e9\u00e9n ondeelbaar geheel worden benaderd. Binnen deze benadering speelt het fascia-netwerk \u2013 het bindweefsel dat het hele lichaam doorkruist \u2013 een centrale rol. Fascia wordt steeds meer erkend o.a. als een sleutelcomponent in zowel het ontstaan als het [&hellip;]<\/p>\n","protected":false},"author":1,"featured_media":0,"parent":17212,"menu_order":0,"comment_status":"closed","ping_status":"closed","template":"","meta":{"_acf_changed":false,"footnotes":""},"class_list":["post-17261","page","type-page","status-publish","hentry"],"acf":[],"yoast_head":"<!-- This site is optimized with the Yoast SEO plugin v27.4 - https:\/\/yoast.com\/product\/yoast-seo-wordpress\/ -->\n<title>Opleidingskader en leerdoelen - Fascia Coll\u00e8ge<\/title>\n<meta name=\"robots\" content=\"noindex, follow, max-snippet:-1, max-image-preview:large, max-video-preview:-1\" \/>\n<meta property=\"og:locale\" content=\"fr_FR\" \/>\n<meta property=\"og:type\" content=\"article\" \/>\n<meta property=\"og:title\" content=\"Opleidingskader en leerdoelen - Fascia Coll\u00e8ge\" \/>\n<meta property=\"og:description\" content=\"De pedagogie en begeleiding vertrekt vanuit een ge\u00efntegreerde kijk op de mens, waarin lichaam en geest als \u00e9\u00e9n ondeelbaar geheel worden benaderd. Binnen deze benadering speelt het fascia-netwerk \u2013 het bindweefsel dat het hele lichaam doorkruist \u2013 een centrale rol. Fascia wordt steeds meer erkend o.a. als een sleutelcomponent in zowel het ontstaan als het [&hellip;]\" \/>\n<meta property=\"og:url\" content=\"https:\/\/staging.fascia.be\/fr\/somato-psychopedagogie\/opleidingskader-leerdoelen\/\" \/>\n<meta property=\"og:site_name\" content=\"Fascia Coll\u00e8ge\" \/>\n<meta property=\"article:modified_time\" content=\"2025-08-12T08:03:54+00:00\" \/>\n<meta property=\"og:image\" content=\"https:\/\/staging.fascia.be\/wp-content\/uploads\/2025\/08\/Fascia-College-Somato-Psychopedagogie-07-1024x684.webp\" \/>\n<meta name=\"twitter:card\" content=\"summary_large_image\" \/>\n<meta name=\"twitter:label1\" content=\"Dur\u00e9e de lecture estim\u00e9e\" \/>\n\t<meta name=\"twitter:data1\" content=\"6 minutes\" \/>\n<script type=\"application\/ld+json\" class=\"yoast-schema-graph\">{\"@context\":\"https:\\\/\\\/schema.org\",\"@graph\":[{\"@type\":\"WebPage\",\"@id\":\"https:\\\/\\\/staging.fascia.be\\\/fr\\\/somato-psychopedagogie\\\/opleidingskader-leerdoelen\\\/\",\"url\":\"https:\\\/\\\/staging.fascia.be\\\/fr\\\/somato-psychopedagogie\\\/opleidingskader-leerdoelen\\\/\",\"name\":\"Opleidingskader en leerdoelen - Fascia Coll\u00e8ge\",\"isPartOf\":{\"@id\":\"https:\\\/\\\/staging.fascia.be\\\/fr\\\/#website\"},\"primaryImageOfPage\":{\"@id\":\"https:\\\/\\\/staging.fascia.be\\\/fr\\\/somato-psychopedagogie\\\/opleidingskader-leerdoelen\\\/#primaryimage\"},\"image\":{\"@id\":\"https:\\\/\\\/staging.fascia.be\\\/fr\\\/somato-psychopedagogie\\\/opleidingskader-leerdoelen\\\/#primaryimage\"},\"thumbnailUrl\":\"https:\\\/\\\/staging.fascia.be\\\/wp-content\\\/uploads\\\/2025\\\/08\\\/Fascia-College-Somato-Psychopedagogie-07-1024x684.webp\",\"datePublished\":\"2025-08-08T10:13:50+00:00\",\"dateModified\":\"2025-08-12T08:03:54+00:00\",\"breadcrumb\":{\"@id\":\"https:\\\/\\\/staging.fascia.be\\\/fr\\\/somato-psychopedagogie\\\/opleidingskader-leerdoelen\\\/#breadcrumb\"},\"inLanguage\":\"fr-FR\",\"potentialAction\":[{\"@type\":\"ReadAction\",\"target\":[\"https:\\\/\\\/staging.fascia.be\\\/fr\\\/somato-psychopedagogie\\\/opleidingskader-leerdoelen\\\/\"]}]},{\"@type\":\"ImageObject\",\"inLanguage\":\"fr-FR\",\"@id\":\"https:\\\/\\\/staging.fascia.be\\\/fr\\\/somato-psychopedagogie\\\/opleidingskader-leerdoelen\\\/#primaryimage\",\"url\":\"https:\\\/\\\/staging.fascia.be\\\/wp-content\\\/uploads\\\/2025\\\/08\\\/Fascia-College-Somato-Psychopedagogie-07-1024x684.webp\",\"contentUrl\":\"https:\\\/\\\/staging.fascia.be\\\/wp-content\\\/uploads\\\/2025\\\/08\\\/Fascia-College-Somato-Psychopedagogie-07-1024x684.webp\"},{\"@type\":\"BreadcrumbList\",\"@id\":\"https:\\\/\\\/staging.fascia.be\\\/fr\\\/somato-psychopedagogie\\\/opleidingskader-leerdoelen\\\/#breadcrumb\",\"itemListElement\":[{\"@type\":\"ListItem\",\"position\":1,\"name\":\"Home\",\"item\":\"https:\\\/\\\/staging.fascia.be\\\/fr\\\/\"},{\"@type\":\"ListItem\",\"position\":2,\"name\":\"Opleidingskader en leerdoelen\"}]},{\"@type\":\"WebSite\",\"@id\":\"https:\\\/\\\/staging.fascia.be\\\/fr\\\/#website\",\"url\":\"https:\\\/\\\/staging.fascia.be\\\/fr\\\/\",\"name\":\"Fascia Coll\u00e8ge\",\"description\":\"Fasciatherapie en Perceptieve pedagogie\",\"potentialAction\":[{\"@type\":\"SearchAction\",\"target\":{\"@type\":\"EntryPoint\",\"urlTemplate\":\"https:\\\/\\\/staging.fascia.be\\\/fr\\\/?s={search_term_string}\"},\"query-input\":{\"@type\":\"PropertyValueSpecification\",\"valueRequired\":true,\"valueName\":\"search_term_string\"}}],\"inLanguage\":\"fr-FR\"}]}<\/script>\n<!-- \/ Yoast SEO plugin. -->","yoast_head_json":{"title":"Opleidingskader en leerdoelen - Fascia Coll\u00e8ge","robots":{"index":"noindex","follow":"follow","max-snippet":"max-snippet:-1","max-image-preview":"max-image-preview:large","max-video-preview":"max-video-preview:-1"},"og_locale":"fr_FR","og_type":"article","og_title":"Opleidingskader en leerdoelen - Fascia Coll\u00e8ge","og_description":"De pedagogie en begeleiding vertrekt vanuit een ge\u00efntegreerde kijk op de mens, waarin lichaam en geest als \u00e9\u00e9n ondeelbaar geheel worden benaderd. Binnen deze benadering speelt het fascia-netwerk \u2013 het bindweefsel dat het hele lichaam doorkruist \u2013 een centrale rol. Fascia wordt steeds meer erkend o.a. als een sleutelcomponent in zowel het ontstaan als het [&hellip;]","og_url":"https:\/\/staging.fascia.be\/fr\/somato-psychopedagogie\/opleidingskader-leerdoelen\/","og_site_name":"Fascia Coll\u00e8ge","article_modified_time":"2025-08-12T08:03:54+00:00","og_image":[{"url":"https:\/\/staging.fascia.be\/wp-content\/uploads\/2025\/08\/Fascia-College-Somato-Psychopedagogie-07-1024x684.webp","type":"","width":"","height":""}],"twitter_card":"summary_large_image","twitter_misc":{"Dur\u00e9e de lecture estim\u00e9e":"6 minutes"},"schema":{"@context":"https:\/\/schema.org","@graph":[{"@type":"WebPage","@id":"https:\/\/staging.fascia.be\/fr\/somato-psychopedagogie\/opleidingskader-leerdoelen\/","url":"https:\/\/staging.fascia.be\/fr\/somato-psychopedagogie\/opleidingskader-leerdoelen\/","name":"Opleidingskader en leerdoelen - Fascia Coll\u00e8ge","isPartOf":{"@id":"https:\/\/staging.fascia.be\/fr\/#website"},"primaryImageOfPage":{"@id":"https:\/\/staging.fascia.be\/fr\/somato-psychopedagogie\/opleidingskader-leerdoelen\/#primaryimage"},"image":{"@id":"https:\/\/staging.fascia.be\/fr\/somato-psychopedagogie\/opleidingskader-leerdoelen\/#primaryimage"},"thumbnailUrl":"https:\/\/staging.fascia.be\/wp-content\/uploads\/2025\/08\/Fascia-College-Somato-Psychopedagogie-07-1024x684.webp","datePublished":"2025-08-08T10:13:50+00:00","dateModified":"2025-08-12T08:03:54+00:00","breadcrumb":{"@id":"https:\/\/staging.fascia.be\/fr\/somato-psychopedagogie\/opleidingskader-leerdoelen\/#breadcrumb"},"inLanguage":"fr-FR","potentialAction":[{"@type":"ReadAction","target":["https:\/\/staging.fascia.be\/fr\/somato-psychopedagogie\/opleidingskader-leerdoelen\/"]}]},{"@type":"ImageObject","inLanguage":"fr-FR","@id":"https:\/\/staging.fascia.be\/fr\/somato-psychopedagogie\/opleidingskader-leerdoelen\/#primaryimage","url":"https:\/\/staging.fascia.be\/wp-content\/uploads\/2025\/08\/Fascia-College-Somato-Psychopedagogie-07-1024x684.webp","contentUrl":"https:\/\/staging.fascia.be\/wp-content\/uploads\/2025\/08\/Fascia-College-Somato-Psychopedagogie-07-1024x684.webp"},{"@type":"BreadcrumbList","@id":"https:\/\/staging.fascia.be\/fr\/somato-psychopedagogie\/opleidingskader-leerdoelen\/#breadcrumb","itemListElement":[{"@type":"ListItem","position":1,"name":"Home","item":"https:\/\/staging.fascia.be\/fr\/"},{"@type":"ListItem","position":2,"name":"Opleidingskader en leerdoelen"}]},{"@type":"WebSite","@id":"https:\/\/staging.fascia.be\/fr\/#website","url":"https:\/\/staging.fascia.be\/fr\/","name":"Fascia Coll\u00e8ge","description":"Fasciatherapie en Perceptieve pedagogie","potentialAction":[{"@type":"SearchAction","target":{"@type":"EntryPoint","urlTemplate":"https:\/\/staging.fascia.be\/fr\/?s={search_term_string}"},"query-input":{"@type":"PropertyValueSpecification","valueRequired":true,"valueName":"search_term_string"}}],"inLanguage":"fr-FR"}]}},"_links":{"self":[{"href":"https:\/\/staging.fascia.be\/fr\/wp-json\/wp\/v2\/pages\/17261","targetHints":{"allow":["GET"]}}],"collection":[{"href":"https:\/\/staging.fascia.be\/fr\/wp-json\/wp\/v2\/pages"}],"about":[{"href":"https:\/\/staging.fascia.be\/fr\/wp-json\/wp\/v2\/types\/page"}],"author":[{"embeddable":true,"href":"https:\/\/staging.fascia.be\/fr\/wp-json\/wp\/v2\/users\/1"}],"replies":[{"embeddable":true,"href":"https:\/\/staging.fascia.be\/fr\/wp-json\/wp\/v2\/comments?post=17261"}],"version-history":[{"count":6,"href":"https:\/\/staging.fascia.be\/fr\/wp-json\/wp\/v2\/pages\/17261\/revisions"}],"predecessor-version":[{"id":17312,"href":"https:\/\/staging.fascia.be\/fr\/wp-json\/wp\/v2\/pages\/17261\/revisions\/17312"}],"up":[{"embeddable":true,"href":"https:\/\/staging.fascia.be\/fr\/wp-json\/wp\/v2\/pages\/17212"}],"wp:attachment":[{"href":"https:\/\/staging.fascia.be\/fr\/wp-json\/wp\/v2\/media?parent=17261"}],"curies":[{"name":"wp","href":"https:\/\/api.w.org\/{rel}","templated":true}]}}