{"id":17247,"date":"2025-08-08T11:52:00","date_gmt":"2025-08-08T09:52:00","guid":{"rendered":"https:\/\/staging.fascia.be\/?page_id=17247"},"modified":"2025-08-12T08:58:20","modified_gmt":"2025-08-12T06:58:20","slug":"wetenschappelijke-onderbouw","status":"publish","type":"page","link":"https:\/\/staging.fascia.be\/fr\/somato-psychopedagogie\/wetenschappelijke-onderbouw\/","title":{"rendered":"Wetenschappelijke onderbouw"},"content":{"rendered":"\n<p>De somato-psychopedagogie, ontwikkeld uit het werk van professor Danis Bois, professor doctor in de pedagogische wetenschappen, en Fasciatherapie mDB is een begeleidingsmethode voor mensen met lichamelijk en psychisch ongemak, via een lichamelijke benadering die steunt op vier praktische instrumenten: manuele behandeling, sensori\u00eble beweging, introspectie en het gesprek. De methode beschouwt de lichamelijke ervaring als een bron van leren en als hulpmiddel bij het oplossen van fysieke en psychische problemen die het welzijn belemmeren. De eigenheid van deze benadering ligt in het ontwikkelen van het waarnemingsvermogen, wat het bewustzijn en de aanpasbaarheid van de persoon vergroot in het dagdagelijks leven.<\/p>\n\n\n\n<div class=\"fascia-button-wrapper\"><a href=\"https:\/\/staging.fascia.be\/somato-psychopedagogie\/\" class=\"btn btn-somato-primary\">Meer over Somato-psychopedagogie<\/a><\/div>\n","protected":false},"excerpt":{"rendered":"<p>De somato-psychopedagogie, ontwikkeld uit het werk van professor Danis Bois, professor doctor in de pedagogische wetenschappen, en Fasciatherapie mDB is een begeleidingsmethode voor mensen met lichamelijk en psychisch ongemak, via een lichamelijke benadering die steunt op vier praktische instrumenten: manuele behandeling, sensori\u00eble beweging, introspectie en het gesprek. De methode beschouwt de lichamelijke ervaring als een [&hellip;]<\/p>\n","protected":false},"author":1,"featured_media":0,"parent":17212,"menu_order":0,"comment_status":"closed","ping_status":"closed","template":"","meta":{"_acf_changed":false,"footnotes":""},"class_list":["post-17247","page","type-page","status-publish","hentry"],"acf":[],"yoast_head":"<!-- This site is optimized with the Yoast SEO plugin v27.4 - https:\/\/yoast.com\/product\/yoast-seo-wordpress\/ -->\n<title>Wetenschappelijke onderbouw - Fascia Coll\u00e8ge<\/title>\n<meta name=\"robots\" content=\"noindex, follow, max-snippet:-1, max-image-preview:large, max-video-preview:-1\" \/>\n<meta property=\"og:locale\" content=\"fr_FR\" \/>\n<meta property=\"og:type\" content=\"article\" \/>\n<meta property=\"og:title\" content=\"Wetenschappelijke onderbouw - Fascia Coll\u00e8ge\" \/>\n<meta property=\"og:description\" content=\"De somato-psychopedagogie, ontwikkeld uit het werk van professor Danis Bois, professor doctor in de pedagogische wetenschappen, en Fasciatherapie mDB is een begeleidingsmethode voor mensen met lichamelijk en psychisch ongemak, via een lichamelijke benadering die steunt op vier praktische instrumenten: manuele behandeling, sensori\u00eble beweging, introspectie en het gesprek. De methode beschouwt de lichamelijke ervaring als een [&hellip;]\" \/>\n<meta property=\"og:url\" content=\"https:\/\/staging.fascia.be\/fr\/somato-psychopedagogie\/wetenschappelijke-onderbouw\/\" \/>\n<meta property=\"og:site_name\" content=\"Fascia Coll\u00e8ge\" \/>\n<meta property=\"article:modified_time\" content=\"2025-08-12T06:58:20+00:00\" \/>\n<meta name=\"twitter:card\" content=\"summary_large_image\" \/>\n<meta name=\"twitter:label1\" content=\"Dur\u00e9e de lecture estim\u00e9e\" \/>\n\t<meta name=\"twitter:data1\" content=\"1 minute\" \/>\n<script type=\"application\/ld+json\" class=\"yoast-schema-graph\">{\"@context\":\"https:\\\/\\\/schema.org\",\"@graph\":[{\"@type\":\"WebPage\",\"@id\":\"https:\\\/\\\/staging.fascia.be\\\/fr\\\/somato-psychopedagogie\\\/wetenschappelijke-onderbouw\\\/\",\"url\":\"https:\\\/\\\/staging.fascia.be\\\/fr\\\/somato-psychopedagogie\\\/wetenschappelijke-onderbouw\\\/\",\"name\":\"Wetenschappelijke onderbouw - Fascia Coll\u00e8ge\",\"isPartOf\":{\"@id\":\"https:\\\/\\\/staging.fascia.be\\\/fr\\\/#website\"},\"datePublished\":\"2025-08-08T09:52:00+00:00\",\"dateModified\":\"2025-08-12T06:58:20+00:00\",\"breadcrumb\":{\"@id\":\"https:\\\/\\\/staging.fascia.be\\\/fr\\\/somato-psychopedagogie\\\/wetenschappelijke-onderbouw\\\/#breadcrumb\"},\"inLanguage\":\"fr-FR\",\"potentialAction\":[{\"@type\":\"ReadAction\",\"target\":[\"https:\\\/\\\/staging.fascia.be\\\/fr\\\/somato-psychopedagogie\\\/wetenschappelijke-onderbouw\\\/\"]}]},{\"@type\":\"BreadcrumbList\",\"@id\":\"https:\\\/\\\/staging.fascia.be\\\/fr\\\/somato-psychopedagogie\\\/wetenschappelijke-onderbouw\\\/#breadcrumb\",\"itemListElement\":[{\"@type\":\"ListItem\",\"position\":1,\"name\":\"Home\",\"item\":\"https:\\\/\\\/staging.fascia.be\\\/fr\\\/\"},{\"@type\":\"ListItem\",\"position\":2,\"name\":\"Wetenschappelijke onderbouw\"}]},{\"@type\":\"WebSite\",\"@id\":\"https:\\\/\\\/staging.fascia.be\\\/fr\\\/#website\",\"url\":\"https:\\\/\\\/staging.fascia.be\\\/fr\\\/\",\"name\":\"Fascia Coll\u00e8ge\",\"description\":\"Fasciatherapie en Perceptieve pedagogie\",\"potentialAction\":[{\"@type\":\"SearchAction\",\"target\":{\"@type\":\"EntryPoint\",\"urlTemplate\":\"https:\\\/\\\/staging.fascia.be\\\/fr\\\/?s={search_term_string}\"},\"query-input\":{\"@type\":\"PropertyValueSpecification\",\"valueRequired\":true,\"valueName\":\"search_term_string\"}}],\"inLanguage\":\"fr-FR\"}]}<\/script>\n<!-- \/ Yoast SEO plugin. -->","yoast_head_json":{"title":"Wetenschappelijke onderbouw - Fascia Coll\u00e8ge","robots":{"index":"noindex","follow":"follow","max-snippet":"max-snippet:-1","max-image-preview":"max-image-preview:large","max-video-preview":"max-video-preview:-1"},"og_locale":"fr_FR","og_type":"article","og_title":"Wetenschappelijke onderbouw - Fascia Coll\u00e8ge","og_description":"De somato-psychopedagogie, ontwikkeld uit het werk van professor Danis Bois, professor doctor in de pedagogische wetenschappen, en Fasciatherapie mDB is een begeleidingsmethode voor mensen met lichamelijk en psychisch ongemak, via een lichamelijke benadering die steunt op vier praktische instrumenten: manuele behandeling, sensori\u00eble beweging, introspectie en het gesprek. De methode beschouwt de lichamelijke ervaring als een [&hellip;]","og_url":"https:\/\/staging.fascia.be\/fr\/somato-psychopedagogie\/wetenschappelijke-onderbouw\/","og_site_name":"Fascia Coll\u00e8ge","article_modified_time":"2025-08-12T06:58:20+00:00","twitter_card":"summary_large_image","twitter_misc":{"Dur\u00e9e de lecture estim\u00e9e":"1 minute"},"schema":{"@context":"https:\/\/schema.org","@graph":[{"@type":"WebPage","@id":"https:\/\/staging.fascia.be\/fr\/somato-psychopedagogie\/wetenschappelijke-onderbouw\/","url":"https:\/\/staging.fascia.be\/fr\/somato-psychopedagogie\/wetenschappelijke-onderbouw\/","name":"Wetenschappelijke onderbouw - Fascia Coll\u00e8ge","isPartOf":{"@id":"https:\/\/staging.fascia.be\/fr\/#website"},"datePublished":"2025-08-08T09:52:00+00:00","dateModified":"2025-08-12T06:58:20+00:00","breadcrumb":{"@id":"https:\/\/staging.fascia.be\/fr\/somato-psychopedagogie\/wetenschappelijke-onderbouw\/#breadcrumb"},"inLanguage":"fr-FR","potentialAction":[{"@type":"ReadAction","target":["https:\/\/staging.fascia.be\/fr\/somato-psychopedagogie\/wetenschappelijke-onderbouw\/"]}]},{"@type":"BreadcrumbList","@id":"https:\/\/staging.fascia.be\/fr\/somato-psychopedagogie\/wetenschappelijke-onderbouw\/#breadcrumb","itemListElement":[{"@type":"ListItem","position":1,"name":"Home","item":"https:\/\/staging.fascia.be\/fr\/"},{"@type":"ListItem","position":2,"name":"Wetenschappelijke onderbouw"}]},{"@type":"WebSite","@id":"https:\/\/staging.fascia.be\/fr\/#website","url":"https:\/\/staging.fascia.be\/fr\/","name":"Fascia Coll\u00e8ge","description":"Fasciatherapie en Perceptieve pedagogie","potentialAction":[{"@type":"SearchAction","target":{"@type":"EntryPoint","urlTemplate":"https:\/\/staging.fascia.be\/fr\/?s={search_term_string}"},"query-input":{"@type":"PropertyValueSpecification","valueRequired":true,"valueName":"search_term_string"}}],"inLanguage":"fr-FR"}]}},"_links":{"self":[{"href":"https:\/\/staging.fascia.be\/fr\/wp-json\/wp\/v2\/pages\/17247","targetHints":{"allow":["GET"]}}],"collection":[{"href":"https:\/\/staging.fascia.be\/fr\/wp-json\/wp\/v2\/pages"}],"about":[{"href":"https:\/\/staging.fascia.be\/fr\/wp-json\/wp\/v2\/types\/page"}],"author":[{"embeddable":true,"href":"https:\/\/staging.fascia.be\/fr\/wp-json\/wp\/v2\/users\/1"}],"replies":[{"embeddable":true,"href":"https:\/\/staging.fascia.be\/fr\/wp-json\/wp\/v2\/comments?post=17247"}],"version-history":[{"count":3,"href":"https:\/\/staging.fascia.be\/fr\/wp-json\/wp\/v2\/pages\/17247\/revisions"}],"predecessor-version":[{"id":17272,"href":"https:\/\/staging.fascia.be\/fr\/wp-json\/wp\/v2\/pages\/17247\/revisions\/17272"}],"up":[{"embeddable":true,"href":"https:\/\/staging.fascia.be\/fr\/wp-json\/wp\/v2\/pages\/17212"}],"wp:attachment":[{"href":"https:\/\/staging.fascia.be\/fr\/wp-json\/wp\/v2\/media?parent=17247"}],"curies":[{"name":"wp","href":"https:\/\/api.w.org\/{rel}","templated":true}]}}