{"id":17243,"date":"2025-08-08T11:49:19","date_gmt":"2025-08-08T09:49:19","guid":{"rendered":"https:\/\/staging.fascia.be\/?page_id=17243"},"modified":"2025-09-08T15:16:51","modified_gmt":"2025-09-08T13:16:51","slug":"toepassingsgebieden","status":"publish","type":"page","link":"https:\/\/staging.fascia.be\/fr\/somato-psychopedagogie\/toepassingsgebieden\/","title":{"rendered":"Toepassingsgebieden"},"content":{"rendered":"\n<p>Het begrip ongemak of zich onwel voelen is vaag en wordt medisch- psychologisch vaak onvoldoende duidelijk afgebakend. Lichamelijke pijn, psychosomatische klachten, stress gerelateerde aandoeningen, angst of burn-out, depressieve\u00a0gevoelens\u00a0 en zelfs een laag zelfbeeld zijn allemaal mogelijke uitingen van dit onwel voelen. De somato-psychopedagogie, in haar zorgende dimensie, biedt waardevolle ondersteuning aan mensen die met deze klachten kampen, en helpt hen hun levenskwaliteit te verbeteren.<\/p>\n\n\n\n<p><strong>Indicaties<\/strong><\/p>\n\n\n\n<ul class=\"wp-block-list\">\n<li>Het lichamelijk ongemak verlichten om zo ook het psychisch ongemak te verzachten<\/li>\n\n\n\n<li>Verschillende vormen van psychosomatische klachten verlichten door gelijktijdig op lichaam en geest in te werken<\/li>\n\n\n\n<li>Positieve lichaamsbelevingen opwekken om motivatie, mentale kracht en veerkracht te versterken<\/li>\n\n\n\n<li>Beter omgaan met stress, angstige gevoelens, vermoeidheid, burn-out of chronische pijn<\/li>\n\n\n\n<li>Het zelfbeeld herstellen (zelfvertrouwen, eigenliefde)<\/li>\n\n\n\n<li>De motivatie tot transformatie versterken door een zoektocht naar betekenis, met aandacht voor het existenti\u00eble en spirituele<\/li>\n<\/ul>\n\n\n\n<div class=\"fascia-button-wrapper\"><a href=\"https:\/\/staging.fascia.be\/somato-psychopedagogie\/opleidingskader-leerdoelen\/\" class=\"btn btn-somato-primary\">Opleidingskader en leerdoelen<\/a><\/div>\n","protected":false},"excerpt":{"rendered":"<p>Het begrip ongemak of zich onwel voelen is vaag en wordt medisch- psychologisch vaak onvoldoende duidelijk afgebakend. Lichamelijke pijn, psychosomatische klachten, stress gerelateerde aandoeningen, angst of burn-out, depressieve\u00a0gevoelens\u00a0 en zelfs een laag zelfbeeld zijn allemaal mogelijke uitingen van dit onwel voelen. De somato-psychopedagogie, in haar zorgende dimensie, biedt waardevolle ondersteuning aan mensen die met deze [&hellip;]<\/p>\n","protected":false},"author":1,"featured_media":0,"parent":17212,"menu_order":0,"comment_status":"closed","ping_status":"closed","template":"","meta":{"_acf_changed":false,"footnotes":""},"class_list":["post-17243","page","type-page","status-publish","hentry"],"acf":[],"yoast_head":"<!-- This site is optimized with the Yoast SEO plugin v27.4 - https:\/\/yoast.com\/product\/yoast-seo-wordpress\/ -->\n<title>Toepassingsgebieden - Fascia Coll\u00e8ge<\/title>\n<meta name=\"robots\" content=\"noindex, follow, max-snippet:-1, max-image-preview:large, max-video-preview:-1\" \/>\n<meta property=\"og:locale\" content=\"fr_FR\" \/>\n<meta property=\"og:type\" content=\"article\" \/>\n<meta property=\"og:title\" content=\"Toepassingsgebieden - Fascia Coll\u00e8ge\" \/>\n<meta property=\"og:description\" content=\"Het begrip ongemak of zich onwel voelen is vaag en wordt medisch- psychologisch vaak onvoldoende duidelijk afgebakend. Lichamelijke pijn, psychosomatische klachten, stress gerelateerde aandoeningen, angst of burn-out, depressieve\u00a0gevoelens\u00a0 en zelfs een laag zelfbeeld zijn allemaal mogelijke uitingen van dit onwel voelen. De somato-psychopedagogie, in haar zorgende dimensie, biedt waardevolle ondersteuning aan mensen die met deze [&hellip;]\" \/>\n<meta property=\"og:url\" content=\"https:\/\/staging.fascia.be\/fr\/somato-psychopedagogie\/toepassingsgebieden\/\" \/>\n<meta property=\"og:site_name\" content=\"Fascia Coll\u00e8ge\" \/>\n<meta property=\"article:modified_time\" content=\"2025-09-08T13:16:51+00:00\" \/>\n<meta name=\"twitter:card\" content=\"summary_large_image\" \/>\n<meta name=\"twitter:label1\" content=\"Dur\u00e9e de lecture estim\u00e9e\" \/>\n\t<meta name=\"twitter:data1\" content=\"1 minute\" \/>\n<script type=\"application\/ld+json\" class=\"yoast-schema-graph\">{\"@context\":\"https:\\\/\\\/schema.org\",\"@graph\":[{\"@type\":\"WebPage\",\"@id\":\"https:\\\/\\\/staging.fascia.be\\\/fr\\\/somato-psychopedagogie\\\/toepassingsgebieden\\\/\",\"url\":\"https:\\\/\\\/staging.fascia.be\\\/fr\\\/somato-psychopedagogie\\\/toepassingsgebieden\\\/\",\"name\":\"Toepassingsgebieden - Fascia Coll\u00e8ge\",\"isPartOf\":{\"@id\":\"https:\\\/\\\/staging.fascia.be\\\/fr\\\/#website\"},\"datePublished\":\"2025-08-08T09:49:19+00:00\",\"dateModified\":\"2025-09-08T13:16:51+00:00\",\"breadcrumb\":{\"@id\":\"https:\\\/\\\/staging.fascia.be\\\/fr\\\/somato-psychopedagogie\\\/toepassingsgebieden\\\/#breadcrumb\"},\"inLanguage\":\"fr-FR\",\"potentialAction\":[{\"@type\":\"ReadAction\",\"target\":[\"https:\\\/\\\/staging.fascia.be\\\/fr\\\/somato-psychopedagogie\\\/toepassingsgebieden\\\/\"]}]},{\"@type\":\"BreadcrumbList\",\"@id\":\"https:\\\/\\\/staging.fascia.be\\\/fr\\\/somato-psychopedagogie\\\/toepassingsgebieden\\\/#breadcrumb\",\"itemListElement\":[{\"@type\":\"ListItem\",\"position\":1,\"name\":\"Home\",\"item\":\"https:\\\/\\\/staging.fascia.be\\\/fr\\\/\"},{\"@type\":\"ListItem\",\"position\":2,\"name\":\"Toepassingsgebieden\"}]},{\"@type\":\"WebSite\",\"@id\":\"https:\\\/\\\/staging.fascia.be\\\/fr\\\/#website\",\"url\":\"https:\\\/\\\/staging.fascia.be\\\/fr\\\/\",\"name\":\"Fascia Coll\u00e8ge\",\"description\":\"Fasciatherapie en Perceptieve pedagogie\",\"potentialAction\":[{\"@type\":\"SearchAction\",\"target\":{\"@type\":\"EntryPoint\",\"urlTemplate\":\"https:\\\/\\\/staging.fascia.be\\\/fr\\\/?s={search_term_string}\"},\"query-input\":{\"@type\":\"PropertyValueSpecification\",\"valueRequired\":true,\"valueName\":\"search_term_string\"}}],\"inLanguage\":\"fr-FR\"}]}<\/script>\n<!-- \/ Yoast SEO plugin. -->","yoast_head_json":{"title":"Toepassingsgebieden - Fascia Coll\u00e8ge","robots":{"index":"noindex","follow":"follow","max-snippet":"max-snippet:-1","max-image-preview":"max-image-preview:large","max-video-preview":"max-video-preview:-1"},"og_locale":"fr_FR","og_type":"article","og_title":"Toepassingsgebieden - Fascia Coll\u00e8ge","og_description":"Het begrip ongemak of zich onwel voelen is vaag en wordt medisch- psychologisch vaak onvoldoende duidelijk afgebakend. Lichamelijke pijn, psychosomatische klachten, stress gerelateerde aandoeningen, angst of burn-out, depressieve\u00a0gevoelens\u00a0 en zelfs een laag zelfbeeld zijn allemaal mogelijke uitingen van dit onwel voelen. De somato-psychopedagogie, in haar zorgende dimensie, biedt waardevolle ondersteuning aan mensen die met deze [&hellip;]","og_url":"https:\/\/staging.fascia.be\/fr\/somato-psychopedagogie\/toepassingsgebieden\/","og_site_name":"Fascia Coll\u00e8ge","article_modified_time":"2025-09-08T13:16:51+00:00","twitter_card":"summary_large_image","twitter_misc":{"Dur\u00e9e de lecture estim\u00e9e":"1 minute"},"schema":{"@context":"https:\/\/schema.org","@graph":[{"@type":"WebPage","@id":"https:\/\/staging.fascia.be\/fr\/somato-psychopedagogie\/toepassingsgebieden\/","url":"https:\/\/staging.fascia.be\/fr\/somato-psychopedagogie\/toepassingsgebieden\/","name":"Toepassingsgebieden - Fascia Coll\u00e8ge","isPartOf":{"@id":"https:\/\/staging.fascia.be\/fr\/#website"},"datePublished":"2025-08-08T09:49:19+00:00","dateModified":"2025-09-08T13:16:51+00:00","breadcrumb":{"@id":"https:\/\/staging.fascia.be\/fr\/somato-psychopedagogie\/toepassingsgebieden\/#breadcrumb"},"inLanguage":"fr-FR","potentialAction":[{"@type":"ReadAction","target":["https:\/\/staging.fascia.be\/fr\/somato-psychopedagogie\/toepassingsgebieden\/"]}]},{"@type":"BreadcrumbList","@id":"https:\/\/staging.fascia.be\/fr\/somato-psychopedagogie\/toepassingsgebieden\/#breadcrumb","itemListElement":[{"@type":"ListItem","position":1,"name":"Home","item":"https:\/\/staging.fascia.be\/fr\/"},{"@type":"ListItem","position":2,"name":"Toepassingsgebieden"}]},{"@type":"WebSite","@id":"https:\/\/staging.fascia.be\/fr\/#website","url":"https:\/\/staging.fascia.be\/fr\/","name":"Fascia Coll\u00e8ge","description":"Fasciatherapie en Perceptieve pedagogie","potentialAction":[{"@type":"SearchAction","target":{"@type":"EntryPoint","urlTemplate":"https:\/\/staging.fascia.be\/fr\/?s={search_term_string}"},"query-input":{"@type":"PropertyValueSpecification","valueRequired":true,"valueName":"search_term_string"}}],"inLanguage":"fr-FR"}]}},"_links":{"self":[{"href":"https:\/\/staging.fascia.be\/fr\/wp-json\/wp\/v2\/pages\/17243","targetHints":{"allow":["GET"]}}],"collection":[{"href":"https:\/\/staging.fascia.be\/fr\/wp-json\/wp\/v2\/pages"}],"about":[{"href":"https:\/\/staging.fascia.be\/fr\/wp-json\/wp\/v2\/types\/page"}],"author":[{"embeddable":true,"href":"https:\/\/staging.fascia.be\/fr\/wp-json\/wp\/v2\/users\/1"}],"replies":[{"embeddable":true,"href":"https:\/\/staging.fascia.be\/fr\/wp-json\/wp\/v2\/comments?post=17243"}],"version-history":[{"count":9,"href":"https:\/\/staging.fascia.be\/fr\/wp-json\/wp\/v2\/pages\/17243\/revisions"}],"predecessor-version":[{"id":17341,"href":"https:\/\/staging.fascia.be\/fr\/wp-json\/wp\/v2\/pages\/17243\/revisions\/17341"}],"up":[{"embeddable":true,"href":"https:\/\/staging.fascia.be\/fr\/wp-json\/wp\/v2\/pages\/17212"}],"wp:attachment":[{"href":"https:\/\/staging.fascia.be\/fr\/wp-json\/wp\/v2\/media?parent=17243"}],"curies":[{"name":"wp","href":"https:\/\/api.w.org\/{rel}","templated":true}]}}