{"id":1627,"date":"2021-02-04T17:59:09","date_gmt":"2021-02-04T16:59:09","guid":{"rendered":"https:\/\/fascia.be\/asbl-elb\/"},"modified":"2024-09-13T12:49:57","modified_gmt":"2024-09-13T10:49:57","slug":"asbl-elb","status":"publish","type":"page","link":"https:\/\/staging.fascia.be\/fr\/a-propos-du-fascia-college\/asbl-elb\/","title":{"rendered":"\u00c0 propos de l\u2019asbl ELB"},"content":{"rendered":"\n<div class=\"wp-block-columns are-vertically-aligned-center is-layout-flex wp-container-core-columns-is-layout-9d6595d7 wp-block-columns-is-layout-flex\">\n<div class=\"wp-block-column is-vertically-aligned-center is-layout-flow wp-block-column-is-layout-flow\" style=\"flex-basis:66.67%\">\n<h2 class=\"wp-block-heading\">Notre Objectif\/Mission<\/h2>\n\n\n\n<p>L&rsquo;association enseigne la m\u00e9thodologie du paradigme du \u00ab\u00a0sensible\u00a0\u00bb et le concept de \u00ab\u00a0pleine pr\u00e9sence\u00a0\u00bb tels que d\u00e9velopp\u00e9s au centre de recherche scientifique \u00ab\u00a0Centre d&rsquo;Etude et de Recherche Appliqu\u00e9e en Psychop\u00e9dagogie Perceptive\u00a0\u00bb (CERAP) sous la direction du Prof. Em. D.BOIS aux professionnels de diff\u00e9rents groupes de param\u00e9dicaux dans le but d&rsquo;enrichir leurs comp\u00e9tences sp\u00e9cifiques \u00e0 leur profession. Il se base \u00e9galement sur les r\u00e9centes d\u00e9couvertes scientifiques sur le \u00ab\u00a0tissu conjonctif\u00a0\u00bb et son importance dans le mouvement et le fonctionnement d&rsquo;une personne.<\/p>\n\n\n\n<p>Pour atteindre ce but, l&rsquo;association a pour mission l&rsquo;organisation de l&rsquo;enseignement:<\/p>\n\n\n\n<p>&#8211; La th\u00e9rapie des fascias constitue l&rsquo;enseignement de base. La m\u00e9thodologie du paradigme du \u00ab\u00a0sensible\u00a0\u00bb et du concept de \u00ab\u00a0pleine pr\u00e9sence\u00a0\u00bb est enseign\u00e9e dans un contexte et un programme sp\u00e9cifiquement destin\u00e9s au kin\u00e9sith\u00e9rapeute.<\/p>\n\n\n\n<p>Un programme adapt\u00e9 est propos\u00e9 aux autres groupes cibles:<\/p>\n\n\n\n<p>&#8211; La formation SomatoPsychoP\u00e9dagogie (SPP) avec comme groupe cible tous les autres professionnels, travaillant dans le domaine de la sant\u00e9 tels que m\u00e9decins, infirmiers, ergoth\u00e9rapeutes, psychoth\u00e9rapeutes, psychologues, p\u00e9dagogues &#8230;\n&#8211; La formation P\u00e9dagogie Perceptive (PP) avec comme groupe cible toutes les autres personnes dans les domaines du coaching, de la communication, du management, de l&rsquo;\u00e9ducation, de l&rsquo;art. &#8230;\nL&rsquo;association met tout en \u0153uvre pour \u00e9tayer scientifiquement la m\u00e9thode et la soumettre \u00e0 la recherche. Elle s&rsquo;efforce de coop\u00e9rer avec des centres de recherche scientifique, des lyc\u00e9es et des universit\u00e9s. <\/p>\n<\/div>\n\n\n\n<div class=\"wp-block-column is-vertically-aligned-center is-layout-flow wp-block-column-is-layout-flow\" style=\"flex-basis:33.33%\">\n<figure class=\"wp-block-image size-large\"><img decoding=\"async\" src=\"https:\/\/staging.fascia.be\/wp-content\/uploads\/2023\/02\/EVF_8458-scaled-1-1024x683.jpg\" alt=\"\" class=\"wp-image-8324\" \/><\/figure>\n<\/div>\n<\/div>\n\n\n\n<hr class=\"wp-block-separator has-alpha-channel-opacity\" \/>\n\n\n\n<div class=\"wp-block-columns is-layout-flex wp-container-core-columns-is-layout-9d6595d7 wp-block-columns-is-layout-flex\">\n<div class=\"wp-block-column is-vertically-aligned-center is-layout-flow wp-block-column-is-layout-flow\" style=\"flex-basis:33.33%\">\n<figure class=\"wp-block-image size-large\"><img decoding=\"async\" src=\"https:\/\/staging.fascia.be\/wp-content\/uploads\/2023\/02\/20221008_fascia_48-scaled-1-1024x683.jpg\" alt=\"\" class=\"wp-image-8330\" \/><\/figure>\n<\/div>\n\n\n\n<div class=\"wp-block-column is-layout-flow wp-block-column-is-layout-flow\" style=\"flex-basis:66.66%\">\n<h2 class=\"wp-block-heading\">Notre Vision<\/h2>\n\n\n\n<p>L&rsquo;asbl ELB organisme a pour objectif de fournir un enseignement transdisciplinaire diff\u00e9renci\u00e9 et de qualit\u00e9 autour de la sant\u00e9 sous tous ses aspects.<\/p>\n\n\n\n<p>Le paradigme de la sant\u00e9 appliqu\u00e9e est en partie d\u00e9termin\u00e9 par une int\u00e9gration de diverses disciplines au sein des soins de sant\u00e9 et par une approche holistique de la sant\u00e9.<\/p>\n<\/div>\n<\/div>\n\n\n\n<hr class=\"wp-block-separator has-alpha-channel-opacity\" \/>\n\n\n\n<div class=\"wp-block-columns is-layout-flex wp-container-core-columns-is-layout-9d6595d7 wp-block-columns-is-layout-flex\">\n<div class=\"wp-block-column is-vertically-aligned-center is-layout-flow wp-block-column-is-layout-flow\" style=\"flex-basis:66.66%\">\n<h2 class=\"wp-block-heading\">Nos Valeurs et normes<\/h2>\n\n\n\n<p>Ces valeurs fondamentales d\u00e9finissent les convictions et les valeurs \u00e0 partir desquelles notre organisation souhaite remplir sa mission. Elles sont la cl\u00e9 entre la strat\u00e9gie et la culture. Elles aident \u00e9galement notre organisation \u00e0 atteindre ses objectifs.<\/p>\n\n\n\n<ul class=\"wp-block-list\">\n<li>Ouverture et Confiance<\/li>\n\n\n\n<li>Responsabilit\u00e9 et Engagement<\/li>\n\n\n\n<li>Respect et Appr\u00e9ciation<\/li>\n\n\n\n<li>Curiosit\u00e9 et Agilit\u00e9<\/li>\n\n\n\n<li>Int\u00e9grit\u00e9<\/li>\n<\/ul>\n<\/div>\n\n\n\n<div class=\"wp-block-column is-vertically-aligned-center is-layout-flow wp-block-column-is-layout-flow\" style=\"flex-basis:33.33%\">\n<figure class=\"wp-block-image size-large\"><img decoding=\"async\" src=\"https:\/\/staging.fascia.be\/wp-content\/uploads\/2023\/02\/20221008_fascia_32-scaled-1-1024x683.jpg\" alt=\"\" class=\"wp-image-8335\" \/><\/figure>\n<\/div>\n<\/div>\n\n\n\n<hr class=\"wp-block-separator has-alpha-channel-opacity\" \/>\n\n\n\n<div class=\"wp-block-columns is-layout-flex wp-container-core-columns-is-layout-9d6595d7 wp-block-columns-is-layout-flex\">\n<div class=\"wp-block-column is-vertically-aligned-center is-layout-flow wp-block-column-is-layout-flow\" style=\"flex-basis:33.33%\">\n<figure class=\"wp-block-image size-full\"><img decoding=\"async\" src=\"https:\/\/staging.fascia.be\/wp-content\/uploads\/2023\/02\/20221008_fascia_49-300x200-1.jpg\" alt=\"\" class=\"wp-image-8337\" \/><\/figure>\n<\/div>\n\n\n\n<div class=\"wp-block-column is-layout-flow wp-block-column-is-layout-flow\" style=\"flex-basis:66.66%\">\n<h2 class=\"wp-block-heading\">Composition des organes de direction de l&rsquo;asbl ELB<\/h2>\n\n\n\n<p><strong><u>Composition des organes de direction de l&rsquo;asbl ELB<\/u><\/strong><\/p>\n\n\n\n<ul class=\"wp-block-list\">\n<li>Philip Vandecruys, pr\u00e9sident<\/li>\n\n\n\n<li>Bart De Waele, secr\u00e9taire<\/li>\n\n\n\n<li>Isabel De Keyser<\/li>\n\n\n\n<li>Philippe Rosier<\/li>\n<\/ul>\n\n\n\n<p>Assembl\u00e9e g\u00e9n\u00e9rale actuelle (depuis septembre 2020):<\/p>\n\n\n\n<ul class=\"wp-block-list\">\n<li>Patrick Maerten \u2013 pr\u00e9sident g\u00e9n\u00e9ral d\u2019assembl\u00e9e<\/li>\n\n\n\n<li>Annelien Desmedt<\/li>\n\n\n\n<li>Bart De Waele<\/li>\n\n\n\n<li>Dominique Bourgeois<\/li>\n\n\n\n<li>Hilde Damen<\/li>\n\n\n\n<li>Isabel De Keyser<\/li>\n\n\n\n<li>Kathleen Mesdagh <\/li>\n\n\n\n<li>Norhen Gmati-Trabelsi<\/li>\n\n\n\n<li>Philip Vandecruys<\/li>\n\n\n\n<li>Philippe Rosier<\/li>\n\n\n\n<li>Sophie Van De Put <\/li>\n\n\n\n<li>Viviane Wolfs<\/li>\n<\/ul>\n<\/div>\n<\/div>\n\n\n\n<hr class=\"wp-block-separator has-alpha-channel-opacity\" \/>\n\n\n\n<h2 class=\"wp-block-heading\">Objectif de l&rsquo;organisation sans but lucratif<\/h2>\n\n\n\n<p>L&rsquo;association enseigne la m\u00e9thodologie du paradigme du \u00ab\u00a0sensible\u00a0\u00bb et le concept de \u00ab\u00a0pleine pr\u00e9sence\u00a0\u00bb tels que d\u00e9velopp\u00e9s au centre de recherche scientifique \u00ab\u00a0Centre d&rsquo;Etude et de Recherche Appliqu\u00e9e en Psychop\u00e9dagogie Perceptive\u00a0\u00bb (CERAP) dirig\u00e9 par le Prof. Em. D. BOIS \u00e0 des professionnels de diverses professions dans le but d&rsquo;enrichir leurs comp\u00e9tences professionnelles. Il s&rsquo;appuie \u00e9galement sur les r\u00e9centes d\u00e9couvertes scientifiques sur le \u00ab\u00a0tissu conjonctif\u00a0\u00bb et son importance dans le mouvement et le fonctionnement d&rsquo;une personne.<\/p>\n\n\n\n<p>Pour atteindre ce but, l&rsquo;objet de l&rsquo;association est l&rsquo;organisation de l&rsquo;enseignement :<\/p>\n\n\n\n<ul class=\"wp-block-list\">\n<li>La fasciath\u00e9rapie constitue la formation de base. La m\u00e9thodologie du paradigme du \u00ab\u00a0sensible\u00a0\u00bb et du concept de \u00ab\u00a0pleine pr\u00e9sence\u00a0\u00bb est enseign\u00e9e dans un contexte et un programme qui s&rsquo;adressent sp\u00e9cifiquement au kin\u00e9sith\u00e9rapeute.<\/li>\n<\/ul>\n\n\n\n<p>Un programme adapt\u00e9 est propos\u00e9 aux autres groupes cibles :<\/p>\n\n\n\n<ul class=\"wp-block-list\">\n<li>La formation SomatoPsychoP\u00e9dagogie (SPP) s&rsquo;adresse \u00e0 tous les autres professionnels travaillant dans le secteur de la sant\u00e9, tels que les m\u00e9decins, les infirmiers, les ergoth\u00e9rapeutes, les psychoth\u00e9rapeutes, les psychologues, les p\u00e9dagogues &#8230;<\/li>\n\n\n\n<li>Cours de P\u00e9dagogie Perceptive (PP) destin\u00e9 \u00e0 tous les autres dans les domaines du coaching, de la communication, du management, de l&rsquo;\u00e9ducation, de l&rsquo;art. &#8230;<\/li>\n<\/ul>\n\n\n\n<p>L&rsquo;ASBL s&rsquo;efforce d&rsquo;\u00e9tayer scientifiquement la m\u00e9thode et de la soumettre \u00e0 la recherche. Elle s&rsquo;efforce de coop\u00e9rer avec des centres de recherche scientifique, des coll\u00e8ges et des universit\u00e9s.<\/p>\n","protected":false},"excerpt":{"rendered":"<p>Notre Objectif\/Mission L&rsquo;association enseigne la m\u00e9thodologie du paradigme du \u00ab\u00a0sensible\u00a0\u00bb et le concept de \u00ab\u00a0pleine pr\u00e9sence\u00a0\u00bb tels que d\u00e9velopp\u00e9s au centre de recherche scientifique \u00ab\u00a0Centre d&rsquo;Etude et de Recherche Appliqu\u00e9e en Psychop\u00e9dagogie Perceptive\u00a0\u00bb (CERAP) sous la direction du Prof. Em. D.BOIS aux professionnels de diff\u00e9rents groupes de param\u00e9dicaux dans le but d&rsquo;enrichir leurs comp\u00e9tences sp\u00e9cifiques [&hellip;]<\/p>\n","protected":false},"author":1,"featured_media":0,"parent":1599,"menu_order":0,"comment_status":"closed","ping_status":"closed","template":"","meta":{"_acf_changed":false,"footnotes":""},"class_list":["post-1627","page","type-page","status-publish","hentry"],"acf":[],"yoast_head":"<!-- This site is optimized with the Yoast SEO plugin v27.4 - https:\/\/yoast.com\/product\/yoast-seo-wordpress\/ -->\n<title>\u00c0 propos de l\u2019asbl ELB - Fascia Coll\u00e8ge<\/title>\n<meta name=\"robots\" content=\"noindex, follow, max-snippet:-1, max-image-preview:large, max-video-preview:-1\" \/>\n<meta property=\"og:locale\" content=\"fr_FR\" \/>\n<meta property=\"og:type\" content=\"article\" \/>\n<meta property=\"og:title\" content=\"\u00c0 propos de l\u2019asbl ELB - Fascia Coll\u00e8ge\" \/>\n<meta property=\"og:description\" content=\"Notre Objectif\/Mission L&rsquo;association enseigne la m\u00e9thodologie du paradigme du \u00ab\u00a0sensible\u00a0\u00bb et le concept de \u00ab\u00a0pleine pr\u00e9sence\u00a0\u00bb tels que d\u00e9velopp\u00e9s au centre de recherche scientifique \u00ab\u00a0Centre d&rsquo;Etude et de Recherche Appliqu\u00e9e en Psychop\u00e9dagogie Perceptive\u00a0\u00bb (CERAP) sous la direction du Prof. Em. D.BOIS aux professionnels de diff\u00e9rents groupes de param\u00e9dicaux dans le but d&rsquo;enrichir leurs comp\u00e9tences sp\u00e9cifiques [&hellip;]\" \/>\n<meta property=\"og:url\" content=\"https:\/\/staging.fascia.be\/fr\/a-propos-du-fascia-college\/asbl-elb\/\" \/>\n<meta property=\"og:site_name\" content=\"Fascia Coll\u00e8ge\" \/>\n<meta property=\"article:modified_time\" content=\"2024-09-13T10:49:57+00:00\" \/>\n<meta property=\"og:image\" content=\"https:\/\/staging.fascia.be\/wp-content\/uploads\/2023\/02\/EVF_8458-scaled-1-1024x683.jpg\" \/>\n<meta name=\"twitter:card\" content=\"summary_large_image\" \/>\n<meta name=\"twitter:label1\" content=\"Dur\u00e9e de lecture estim\u00e9e\" \/>\n\t<meta name=\"twitter:data1\" content=\"4 minutes\" \/>\n<script type=\"application\/ld+json\" class=\"yoast-schema-graph\">{\"@context\":\"https:\\\/\\\/schema.org\",\"@graph\":[{\"@type\":\"WebPage\",\"@id\":\"https:\\\/\\\/staging.fascia.be\\\/fr\\\/a-propos-du-fascia-college\\\/asbl-elb\\\/\",\"url\":\"https:\\\/\\\/staging.fascia.be\\\/fr\\\/a-propos-du-fascia-college\\\/asbl-elb\\\/\",\"name\":\"\u00c0 propos de l\u2019asbl ELB - Fascia Coll\u00e8ge\",\"isPartOf\":{\"@id\":\"https:\\\/\\\/staging.fascia.be\\\/fr\\\/#website\"},\"primaryImageOfPage\":{\"@id\":\"https:\\\/\\\/staging.fascia.be\\\/fr\\\/a-propos-du-fascia-college\\\/asbl-elb\\\/#primaryimage\"},\"image\":{\"@id\":\"https:\\\/\\\/staging.fascia.be\\\/fr\\\/a-propos-du-fascia-college\\\/asbl-elb\\\/#primaryimage\"},\"thumbnailUrl\":\"https:\\\/\\\/staging.fascia.be\\\/wp-content\\\/uploads\\\/2023\\\/02\\\/EVF_8458-scaled-1-1024x683.jpg\",\"datePublished\":\"2021-02-04T16:59:09+00:00\",\"dateModified\":\"2024-09-13T10:49:57+00:00\",\"breadcrumb\":{\"@id\":\"https:\\\/\\\/staging.fascia.be\\\/fr\\\/a-propos-du-fascia-college\\\/asbl-elb\\\/#breadcrumb\"},\"inLanguage\":\"fr-FR\",\"potentialAction\":[{\"@type\":\"ReadAction\",\"target\":[\"https:\\\/\\\/staging.fascia.be\\\/fr\\\/a-propos-du-fascia-college\\\/asbl-elb\\\/\"]}]},{\"@type\":\"ImageObject\",\"inLanguage\":\"fr-FR\",\"@id\":\"https:\\\/\\\/staging.fascia.be\\\/fr\\\/a-propos-du-fascia-college\\\/asbl-elb\\\/#primaryimage\",\"url\":\"https:\\\/\\\/staging.fascia.be\\\/wp-content\\\/uploads\\\/2023\\\/02\\\/EVF_8458-scaled-1-1024x683.jpg\",\"contentUrl\":\"https:\\\/\\\/staging.fascia.be\\\/wp-content\\\/uploads\\\/2023\\\/02\\\/EVF_8458-scaled-1-1024x683.jpg\"},{\"@type\":\"BreadcrumbList\",\"@id\":\"https:\\\/\\\/staging.fascia.be\\\/fr\\\/a-propos-du-fascia-college\\\/asbl-elb\\\/#breadcrumb\",\"itemListElement\":[{\"@type\":\"ListItem\",\"position\":1,\"name\":\"Home\",\"item\":\"https:\\\/\\\/staging.fascia.be\\\/fr\\\/\"},{\"@type\":\"ListItem\",\"position\":2,\"name\":\"\u00c0 propos du Fascia College\",\"item\":\"https:\\\/\\\/staging.fascia.be\\\/fr\\\/a-propos-du-fascia-college\\\/\"},{\"@type\":\"ListItem\",\"position\":3,\"name\":\"\u00c0 propos de l\u2019asbl ELB\"}]},{\"@type\":\"WebSite\",\"@id\":\"https:\\\/\\\/staging.fascia.be\\\/fr\\\/#website\",\"url\":\"https:\\\/\\\/staging.fascia.be\\\/fr\\\/\",\"name\":\"Fascia Coll\u00e8ge\",\"description\":\"Fasciatherapie en Perceptieve pedagogie\",\"potentialAction\":[{\"@type\":\"SearchAction\",\"target\":{\"@type\":\"EntryPoint\",\"urlTemplate\":\"https:\\\/\\\/staging.fascia.be\\\/fr\\\/?s={search_term_string}\"},\"query-input\":{\"@type\":\"PropertyValueSpecification\",\"valueRequired\":true,\"valueName\":\"search_term_string\"}}],\"inLanguage\":\"fr-FR\"}]}<\/script>\n<!-- \/ Yoast SEO plugin. -->","yoast_head_json":{"title":"\u00c0 propos de l\u2019asbl ELB - Fascia Coll\u00e8ge","robots":{"index":"noindex","follow":"follow","max-snippet":"max-snippet:-1","max-image-preview":"max-image-preview:large","max-video-preview":"max-video-preview:-1"},"og_locale":"fr_FR","og_type":"article","og_title":"\u00c0 propos de l\u2019asbl ELB - Fascia Coll\u00e8ge","og_description":"Notre Objectif\/Mission L&rsquo;association enseigne la m\u00e9thodologie du paradigme du \u00ab\u00a0sensible\u00a0\u00bb et le concept de \u00ab\u00a0pleine pr\u00e9sence\u00a0\u00bb tels que d\u00e9velopp\u00e9s au centre de recherche scientifique \u00ab\u00a0Centre d&rsquo;Etude et de Recherche Appliqu\u00e9e en Psychop\u00e9dagogie Perceptive\u00a0\u00bb (CERAP) sous la direction du Prof. Em. D.BOIS aux professionnels de diff\u00e9rents groupes de param\u00e9dicaux dans le but d&rsquo;enrichir leurs comp\u00e9tences sp\u00e9cifiques [&hellip;]","og_url":"https:\/\/staging.fascia.be\/fr\/a-propos-du-fascia-college\/asbl-elb\/","og_site_name":"Fascia Coll\u00e8ge","article_modified_time":"2024-09-13T10:49:57+00:00","og_image":[{"url":"https:\/\/staging.fascia.be\/wp-content\/uploads\/2023\/02\/EVF_8458-scaled-1-1024x683.jpg","type":"","width":"","height":""}],"twitter_card":"summary_large_image","twitter_misc":{"Dur\u00e9e de lecture estim\u00e9e":"4 minutes"},"schema":{"@context":"https:\/\/schema.org","@graph":[{"@type":"WebPage","@id":"https:\/\/staging.fascia.be\/fr\/a-propos-du-fascia-college\/asbl-elb\/","url":"https:\/\/staging.fascia.be\/fr\/a-propos-du-fascia-college\/asbl-elb\/","name":"\u00c0 propos de l\u2019asbl ELB - Fascia Coll\u00e8ge","isPartOf":{"@id":"https:\/\/staging.fascia.be\/fr\/#website"},"primaryImageOfPage":{"@id":"https:\/\/staging.fascia.be\/fr\/a-propos-du-fascia-college\/asbl-elb\/#primaryimage"},"image":{"@id":"https:\/\/staging.fascia.be\/fr\/a-propos-du-fascia-college\/asbl-elb\/#primaryimage"},"thumbnailUrl":"https:\/\/staging.fascia.be\/wp-content\/uploads\/2023\/02\/EVF_8458-scaled-1-1024x683.jpg","datePublished":"2021-02-04T16:59:09+00:00","dateModified":"2024-09-13T10:49:57+00:00","breadcrumb":{"@id":"https:\/\/staging.fascia.be\/fr\/a-propos-du-fascia-college\/asbl-elb\/#breadcrumb"},"inLanguage":"fr-FR","potentialAction":[{"@type":"ReadAction","target":["https:\/\/staging.fascia.be\/fr\/a-propos-du-fascia-college\/asbl-elb\/"]}]},{"@type":"ImageObject","inLanguage":"fr-FR","@id":"https:\/\/staging.fascia.be\/fr\/a-propos-du-fascia-college\/asbl-elb\/#primaryimage","url":"https:\/\/staging.fascia.be\/wp-content\/uploads\/2023\/02\/EVF_8458-scaled-1-1024x683.jpg","contentUrl":"https:\/\/staging.fascia.be\/wp-content\/uploads\/2023\/02\/EVF_8458-scaled-1-1024x683.jpg"},{"@type":"BreadcrumbList","@id":"https:\/\/staging.fascia.be\/fr\/a-propos-du-fascia-college\/asbl-elb\/#breadcrumb","itemListElement":[{"@type":"ListItem","position":1,"name":"Home","item":"https:\/\/staging.fascia.be\/fr\/"},{"@type":"ListItem","position":2,"name":"\u00c0 propos du Fascia College","item":"https:\/\/staging.fascia.be\/fr\/a-propos-du-fascia-college\/"},{"@type":"ListItem","position":3,"name":"\u00c0 propos de l\u2019asbl ELB"}]},{"@type":"WebSite","@id":"https:\/\/staging.fascia.be\/fr\/#website","url":"https:\/\/staging.fascia.be\/fr\/","name":"Fascia Coll\u00e8ge","description":"Fasciatherapie en Perceptieve pedagogie","potentialAction":[{"@type":"SearchAction","target":{"@type":"EntryPoint","urlTemplate":"https:\/\/staging.fascia.be\/fr\/?s={search_term_string}"},"query-input":{"@type":"PropertyValueSpecification","valueRequired":true,"valueName":"search_term_string"}}],"inLanguage":"fr-FR"}]}},"_links":{"self":[{"href":"https:\/\/staging.fascia.be\/fr\/wp-json\/wp\/v2\/pages\/1627","targetHints":{"allow":["GET"]}}],"collection":[{"href":"https:\/\/staging.fascia.be\/fr\/wp-json\/wp\/v2\/pages"}],"about":[{"href":"https:\/\/staging.fascia.be\/fr\/wp-json\/wp\/v2\/types\/page"}],"author":[{"embeddable":true,"href":"https:\/\/staging.fascia.be\/fr\/wp-json\/wp\/v2\/users\/1"}],"replies":[{"embeddable":true,"href":"https:\/\/staging.fascia.be\/fr\/wp-json\/wp\/v2\/comments?post=1627"}],"version-history":[{"count":13,"href":"https:\/\/staging.fascia.be\/fr\/wp-json\/wp\/v2\/pages\/1627\/revisions"}],"predecessor-version":[{"id":15249,"href":"https:\/\/staging.fascia.be\/fr\/wp-json\/wp\/v2\/pages\/1627\/revisions\/15249"}],"up":[{"embeddable":true,"href":"https:\/\/staging.fascia.be\/fr\/wp-json\/wp\/v2\/pages\/1599"}],"wp:attachment":[{"href":"https:\/\/staging.fascia.be\/fr\/wp-json\/wp\/v2\/media?parent=1627"}],"curies":[{"name":"wp","href":"https:\/\/api.w.org\/{rel}","templated":true}]}}