{"id":1618,"date":"2020-10-21T14:45:16","date_gmt":"2020-10-21T12:45:16","guid":{"rendered":"https:\/\/fascia.be\/fasciatherapie\/"},"modified":"2025-08-06T12:19:00","modified_gmt":"2025-08-06T10:19:00","slug":"informations","status":"publish","type":"page","link":"https:\/\/staging.fascia.be\/fr\/informations\/","title":{"rendered":"Informations"},"content":{"rendered":"\n<h4 class=\"wp-block-heading\">La fasciath\u00e9rapie, soigne et stimule le corps et l&rsquo;esprit.<\/h4>\n\n\n\n<figure class=\"wp-block-embed is-type-video is-provider-vimeo wp-block-embed-vimeo mt-3 wp-embed-aspect-16-9 wp-has-aspect-ratio\"><div class=\"wp-block-embed__wrapper\">\n<iframe loading=\"lazy\" title=\"Wat is Fasciatherapie?\" src=\"https:\/\/player.vimeo.com\/video\/202269557?dnt=1&amp;app_id=122963\" width=\"500\" height=\"281\" frameborder=\"0\" allow=\"autoplay; fullscreen; picture-in-picture; clipboard-write\"><\/iframe>\n<\/div><\/figure>\n\n\n\n<p>La fasciath\u00e9rapie est une forme de traitement et d\u2019accompagnement innovant contre la douleur, les troubles du mouvement et du fonctionnement de nature physique autant que psychique. Elle cr\u00e9e un pont entre les approches th\u00e9rapeutiques purement physiques et psychiques.<\/p>\n\n\n\n<p>La fasciath\u00e9rapie ouvre de nouvelles pistes dans le monde th\u00e9rapeutique et p\u00e9dagogique et apporte des solutions novatrices efficaces.<\/p>\n\n\n\n<figure class=\"wp-block-embed is-type-video is-provider-vimeo wp-block-embed-vimeo mb-0 mt-3 wp-embed-aspect-16-9 wp-has-aspect-ratio\"><div class=\"wp-block-embed__wrapper\">\n<iframe loading=\"lazy\" title=\"Fascia explained - Danis Bois Method\" src=\"https:\/\/player.vimeo.com\/video\/313571323?dnt=1&amp;app_id=122963\" width=\"500\" height=\"281\" frameborder=\"0\" allow=\"autoplay; fullscreen; picture-in-picture; clipboard-write\"><\/iframe>\n<\/div><\/figure>\n","protected":false},"excerpt":{"rendered":"<p>La fasciath\u00e9rapie, soigne et stimule le corps et l&rsquo;esprit. La fasciath\u00e9rapie est une forme de traitement et d\u2019accompagnement innovant contre la douleur, les troubles du mouvement et du fonctionnement de nature physique autant que psychique. Elle cr\u00e9e un pont entre les approches th\u00e9rapeutiques purement physiques et psychiques. La fasciath\u00e9rapie ouvre de nouvelles pistes dans le [&hellip;]<\/p>\n","protected":false},"author":1,"featured_media":0,"parent":0,"menu_order":0,"comment_status":"closed","ping_status":"closed","template":"page-fasciatherapy-general.php","meta":{"_acf_changed":false,"footnotes":""},"class_list":["post-1618","page","type-page","status-publish","hentry"],"acf":[],"yoast_head":"<!-- This site is optimized with the Yoast SEO plugin v27.4 - https:\/\/yoast.com\/product\/yoast-seo-wordpress\/ -->\n<title>Informations - Fascia Coll\u00e8ge<\/title>\n<meta name=\"robots\" content=\"noindex, follow, max-snippet:-1, max-image-preview:large, max-video-preview:-1\" \/>\n<meta property=\"og:locale\" content=\"fr_FR\" \/>\n<meta property=\"og:type\" content=\"article\" \/>\n<meta property=\"og:title\" content=\"Informations - Fascia Coll\u00e8ge\" \/>\n<meta property=\"og:description\" content=\"La fasciath\u00e9rapie, soigne et stimule le corps et l&rsquo;esprit. La fasciath\u00e9rapie est une forme de traitement et d\u2019accompagnement innovant contre la douleur, les troubles du mouvement et du fonctionnement de nature physique autant que psychique. Elle cr\u00e9e un pont entre les approches th\u00e9rapeutiques purement physiques et psychiques. La fasciath\u00e9rapie ouvre de nouvelles pistes dans le [&hellip;]\" \/>\n<meta property=\"og:url\" content=\"https:\/\/staging.fascia.be\/fr\/informations\/\" \/>\n<meta property=\"og:site_name\" content=\"Fascia Coll\u00e8ge\" \/>\n<meta property=\"article:modified_time\" content=\"2025-08-06T10:19:00+00:00\" \/>\n<meta name=\"twitter:card\" content=\"summary_large_image\" \/>\n<meta name=\"twitter:label1\" content=\"Dur\u00e9e de lecture estim\u00e9e\" \/>\n\t<meta name=\"twitter:data1\" content=\"1 minute\" \/>\n<script type=\"application\/ld+json\" class=\"yoast-schema-graph\">{\"@context\":\"https:\\\/\\\/schema.org\",\"@graph\":[{\"@type\":\"WebPage\",\"@id\":\"https:\\\/\\\/staging.fascia.be\\\/fr\\\/informations\\\/\",\"url\":\"https:\\\/\\\/staging.fascia.be\\\/fr\\\/informations\\\/\",\"name\":\"Informations - Fascia Coll\u00e8ge\",\"isPartOf\":{\"@id\":\"https:\\\/\\\/staging.fascia.be\\\/fr\\\/#website\"},\"datePublished\":\"2020-10-21T12:45:16+00:00\",\"dateModified\":\"2025-08-06T10:19:00+00:00\",\"breadcrumb\":{\"@id\":\"https:\\\/\\\/staging.fascia.be\\\/fr\\\/informations\\\/#breadcrumb\"},\"inLanguage\":\"fr-FR\",\"potentialAction\":[{\"@type\":\"ReadAction\",\"target\":[\"https:\\\/\\\/staging.fascia.be\\\/fr\\\/informations\\\/\"]}]},{\"@type\":\"BreadcrumbList\",\"@id\":\"https:\\\/\\\/staging.fascia.be\\\/fr\\\/informations\\\/#breadcrumb\",\"itemListElement\":[{\"@type\":\"ListItem\",\"position\":1,\"name\":\"Home\",\"item\":\"https:\\\/\\\/staging.fascia.be\\\/fr\\\/\"},{\"@type\":\"ListItem\",\"position\":2,\"name\":\"Informations\"}]},{\"@type\":\"WebSite\",\"@id\":\"https:\\\/\\\/staging.fascia.be\\\/fr\\\/#website\",\"url\":\"https:\\\/\\\/staging.fascia.be\\\/fr\\\/\",\"name\":\"Fascia Coll\u00e8ge\",\"description\":\"Fasciatherapie en Perceptieve pedagogie\",\"potentialAction\":[{\"@type\":\"SearchAction\",\"target\":{\"@type\":\"EntryPoint\",\"urlTemplate\":\"https:\\\/\\\/staging.fascia.be\\\/fr\\\/?s={search_term_string}\"},\"query-input\":{\"@type\":\"PropertyValueSpecification\",\"valueRequired\":true,\"valueName\":\"search_term_string\"}}],\"inLanguage\":\"fr-FR\"}]}<\/script>\n<!-- \/ Yoast SEO plugin. -->","yoast_head_json":{"title":"Informations - Fascia Coll\u00e8ge","robots":{"index":"noindex","follow":"follow","max-snippet":"max-snippet:-1","max-image-preview":"max-image-preview:large","max-video-preview":"max-video-preview:-1"},"og_locale":"fr_FR","og_type":"article","og_title":"Informations - Fascia Coll\u00e8ge","og_description":"La fasciath\u00e9rapie, soigne et stimule le corps et l&rsquo;esprit. La fasciath\u00e9rapie est une forme de traitement et d\u2019accompagnement innovant contre la douleur, les troubles du mouvement et du fonctionnement de nature physique autant que psychique. Elle cr\u00e9e un pont entre les approches th\u00e9rapeutiques purement physiques et psychiques. La fasciath\u00e9rapie ouvre de nouvelles pistes dans le [&hellip;]","og_url":"https:\/\/staging.fascia.be\/fr\/informations\/","og_site_name":"Fascia Coll\u00e8ge","article_modified_time":"2025-08-06T10:19:00+00:00","twitter_card":"summary_large_image","twitter_misc":{"Dur\u00e9e de lecture estim\u00e9e":"1 minute"},"schema":{"@context":"https:\/\/schema.org","@graph":[{"@type":"WebPage","@id":"https:\/\/staging.fascia.be\/fr\/informations\/","url":"https:\/\/staging.fascia.be\/fr\/informations\/","name":"Informations - Fascia Coll\u00e8ge","isPartOf":{"@id":"https:\/\/staging.fascia.be\/fr\/#website"},"datePublished":"2020-10-21T12:45:16+00:00","dateModified":"2025-08-06T10:19:00+00:00","breadcrumb":{"@id":"https:\/\/staging.fascia.be\/fr\/informations\/#breadcrumb"},"inLanguage":"fr-FR","potentialAction":[{"@type":"ReadAction","target":["https:\/\/staging.fascia.be\/fr\/informations\/"]}]},{"@type":"BreadcrumbList","@id":"https:\/\/staging.fascia.be\/fr\/informations\/#breadcrumb","itemListElement":[{"@type":"ListItem","position":1,"name":"Home","item":"https:\/\/staging.fascia.be\/fr\/"},{"@type":"ListItem","position":2,"name":"Informations"}]},{"@type":"WebSite","@id":"https:\/\/staging.fascia.be\/fr\/#website","url":"https:\/\/staging.fascia.be\/fr\/","name":"Fascia Coll\u00e8ge","description":"Fasciatherapie en Perceptieve pedagogie","potentialAction":[{"@type":"SearchAction","target":{"@type":"EntryPoint","urlTemplate":"https:\/\/staging.fascia.be\/fr\/?s={search_term_string}"},"query-input":{"@type":"PropertyValueSpecification","valueRequired":true,"valueName":"search_term_string"}}],"inLanguage":"fr-FR"}]}},"_links":{"self":[{"href":"https:\/\/staging.fascia.be\/fr\/wp-json\/wp\/v2\/pages\/1618","targetHints":{"allow":["GET"]}}],"collection":[{"href":"https:\/\/staging.fascia.be\/fr\/wp-json\/wp\/v2\/pages"}],"about":[{"href":"https:\/\/staging.fascia.be\/fr\/wp-json\/wp\/v2\/types\/page"}],"author":[{"embeddable":true,"href":"https:\/\/staging.fascia.be\/fr\/wp-json\/wp\/v2\/users\/1"}],"replies":[{"embeddable":true,"href":"https:\/\/staging.fascia.be\/fr\/wp-json\/wp\/v2\/comments?post=1618"}],"version-history":[{"count":7,"href":"https:\/\/staging.fascia.be\/fr\/wp-json\/wp\/v2\/pages\/1618\/revisions"}],"predecessor-version":[{"id":17208,"href":"https:\/\/staging.fascia.be\/fr\/wp-json\/wp\/v2\/pages\/1618\/revisions\/17208"}],"wp:attachment":[{"href":"https:\/\/staging.fascia.be\/fr\/wp-json\/wp\/v2\/media?parent=1618"}],"curies":[{"name":"wp","href":"https:\/\/api.w.org\/{rel}","templated":true}]}}