{"id":1611,"date":"2020-11-24T14:02:25","date_gmt":"2020-11-24T13:02:25","guid":{"rendered":"https:\/\/fascia.be\/disclaimer\/"},"modified":"2021-04-17T11:40:13","modified_gmt":"2021-04-17T09:40:13","slug":"disclaimer","status":"publish","type":"page","link":"https:\/\/staging.fascia.be\/fr\/disclaimer\/","title":{"rendered":"Avis de non-responsabilit\u00e9"},"content":{"rendered":"\n<p>Le pr\u00e9sent site web est la propri\u00e9t\u00e9 de l\u2019asbl ELB:&#13;\n&#13;\n4 Anjelierenstraat \u00e0 3590 Diepenbeek \u2013 Belgique&#13;\nT\u00e9l. + 32 478 910 490 \u2013 <a href=\"mailto:info@fascia.be\">info@fascia.be<\/a>&#13;\n&#13;\nDu fait de votre acc\u00e8s au site web et de son utilisation vous consentez express\u00e9ment aux conditions g\u00e9n\u00e9rales mentionn\u00e9es ci-dessous.<\/p>\n\n<h4 class=\"wp-block-heading\">Droits de propri\u00e9t\u00e9 intellectuelle<\/h4>\n\n<p>Le contenu du pr\u00e9sent site, inclusivement les marques, logos, dessins, donn\u00e9es, noms de produits ou d\u2019entreprises, textes, images et autres, est prot\u00e9g\u00e9 par des droits de propri\u00e9t\u00e9 intellectuelle et appartient \u00e0 l\u2019asbl ELB ou des tiers-b\u00e9n\u00e9ficiaires.<\/p>\n\n<h4 class=\"wp-block-heading\">Limitation de responsabilit\u00e9<\/h4>\n\n<p>L\u2019information figurant sur le site web est d\u2019une nature g\u00e9n\u00e9rale. Cette information n\u2019 est nullement adapt\u00e9e \u00e0 des circonstances personnelles ou sp\u00e9cifiques, et ne peut donc \u00eatre consid\u00e9r\u00e9e comme un avis personnel, professionnel ou juridique adress\u00e9 \u00e0 l\u2019utilisateur.<\/p>\n\n<p>L\u2019asbl ELB s\u2019efforce au maximum \u00e0 ce que l\u2019information mise \u00e0 disposition soit compl\u00e8te, correcte, pr\u00e9cise et actualis\u00e9e. Malgr\u00e9 ces efforts, des erreurs peuvent se produire dans l\u2019information mise \u00e0 disposition. Si l\u2019information fournie contient des inexactitudes ou si certaines informations sont indisponibles sur ou par le site, l\u2019asbl fera tout son possible afin de rectifier cela au plus vite.<\/p>\n\n<p>Toutefois, l\u2019asbl ELB ne peut \u00eatre tenue responsable des dommages directs ou indirects caus\u00e9s par l\u2019 utilisation de l\u2019information figurant sur ce site web. Si vous constatez des inexactitudes dans l\u2019information mise \u00e0 disposition par le biais de ce site web, vous pourrez toujours contacter le gestionnaire du site..<\/p>\n\n<p>Le contenu du site web pourra \u00eatre adapt\u00e9, modifi\u00e9 ou compl\u00e9t\u00e9, \u00e0 tout moment et sans annonce ou notification pr\u00e9alable. L\u2019asbl ELB ne peut garantir le bon fonctionnement du site web et ne peut d\u2019aucune mani\u00e8re \u00eatre tenue responsable d\u2019un fonctionnement d\u00e9fectueux ou d\u2019une (in)disponibilit\u00e9 temporaire du site web ou d\u2019une forme quelconque de dommages directs ou indirects, provenant de l\u2019acc\u00e8s au site web ou de son utilisation.<\/p>\n\n<p>En aucun cas et envers qui que ce soit, de mani\u00e8re directe ou indirecte, particuli\u00e8re ou autre, l\u2019asbl ELB ne pourra \u00eatre tenue responsable de dommages attribu\u00e9s \u00e0 l\u2019utilisation de ce site ou d\u2019un autre, en particulier suite \u00e0 des liens ou hyperliens, y compris et sans limitation, toutes pertes, interruptions de travail, d\u00e9g\u00e2ts \u00e0 des programmes ou autres donn\u00e9es dans le syst\u00e8me de l\u2019ordinateur, d\u2019appareils, de programmes ou autres de l\u2019utilisateur. Le site web peut contenir des hyperliens renvoyant \u00e0 des sites web ou pages web de tierces parties, ou y renvoyer indirectement. L\u2019insertion de liens vers ces sites web ou pages web n\u2019implique d\u2019aucune mani\u00e8re l\u2019approbation implicite de leur contenu. L\u2019asbl ELB d\u00e9clare express\u00e9ment qu\u2019elle n\u2019a aucun contr\u00f4le sur le contenu ou autres caract\u00e9ristiques de ces sites web et ne peut en aucun cas \u00eatre tenue responsable de leur contenu ou de leurs caract\u00e9ristiques ou de toute autre forme de dommages caus\u00e9e par leur utilisation.<\/p>\n\n<h4 class=\"wp-block-heading\">Droit applicable et tribunaux comp\u00e9tents<\/h4>\n\n<p>Ce site web est soumis au droit belge. En cas de litige, seuls les tribunaux de l\u2019arrondissement Hasselt\/Tongeren seront comp\u00e9tents.<\/p>\n","protected":false},"excerpt":{"rendered":"<p>Le pr\u00e9sent site web est la propri\u00e9t\u00e9 de l\u2019asbl ELB:&#13; &#13; 4 Anjelierenstraat \u00e0 3590 Diepenbeek \u2013 Belgique&#13; T\u00e9l. + 32 478 910 490 \u2013 info@fascia.be&#13; &#13; Du fait de votre acc\u00e8s au site web et de son utilisation vous consentez express\u00e9ment aux conditions g\u00e9n\u00e9rales mentionn\u00e9es ci-dessous. Droits de propri\u00e9t\u00e9 intellectuelle Le contenu du pr\u00e9sent [&hellip;]<\/p>\n","protected":false},"author":1,"featured_media":0,"parent":0,"menu_order":0,"comment_status":"closed","ping_status":"closed","template":"","meta":{"_acf_changed":false,"footnotes":""},"class_list":["post-1611","page","type-page","status-publish","hentry"],"acf":[],"yoast_head":"<!-- This site is optimized with the Yoast SEO plugin v27.4 - https:\/\/yoast.com\/product\/yoast-seo-wordpress\/ -->\n<title>Avis de non-responsabilit\u00e9 - Fascia Coll\u00e8ge<\/title>\n<meta name=\"robots\" content=\"noindex, follow, max-snippet:-1, max-image-preview:large, max-video-preview:-1\" \/>\n<meta property=\"og:locale\" content=\"fr_FR\" \/>\n<meta property=\"og:type\" content=\"article\" \/>\n<meta property=\"og:title\" content=\"Avis de non-responsabilit\u00e9 - Fascia Coll\u00e8ge\" \/>\n<meta property=\"og:description\" content=\"Le pr\u00e9sent site web est la propri\u00e9t\u00e9 de l\u2019asbl ELB:&#013; &#013; 4 Anjelierenstraat \u00e0 3590 Diepenbeek \u2013 Belgique&#013; T\u00e9l. + 32 478 910 490 \u2013 info@fascia.be&#013; &#013; Du fait de votre acc\u00e8s au site web et de son utilisation vous consentez express\u00e9ment aux conditions g\u00e9n\u00e9rales mentionn\u00e9es ci-dessous. Droits de propri\u00e9t\u00e9 intellectuelle Le contenu du pr\u00e9sent [&hellip;]\" \/>\n<meta property=\"og:url\" content=\"https:\/\/staging.fascia.be\/fr\/disclaimer\/\" \/>\n<meta property=\"og:site_name\" content=\"Fascia Coll\u00e8ge\" \/>\n<meta property=\"article:modified_time\" content=\"2021-04-17T09:40:13+00:00\" \/>\n<meta name=\"twitter:card\" content=\"summary_large_image\" \/>\n<meta name=\"twitter:label1\" content=\"Dur\u00e9e de lecture estim\u00e9e\" \/>\n\t<meta name=\"twitter:data1\" content=\"3 minutes\" \/>\n<script type=\"application\/ld+json\" class=\"yoast-schema-graph\">{\"@context\":\"https:\\\/\\\/schema.org\",\"@graph\":[{\"@type\":\"WebPage\",\"@id\":\"https:\\\/\\\/staging.fascia.be\\\/fr\\\/disclaimer\\\/\",\"url\":\"https:\\\/\\\/staging.fascia.be\\\/fr\\\/disclaimer\\\/\",\"name\":\"Avis de non-responsabilit\u00e9 - Fascia Coll\u00e8ge\",\"isPartOf\":{\"@id\":\"https:\\\/\\\/staging.fascia.be\\\/fr\\\/#website\"},\"datePublished\":\"2020-11-24T13:02:25+00:00\",\"dateModified\":\"2021-04-17T09:40:13+00:00\",\"breadcrumb\":{\"@id\":\"https:\\\/\\\/staging.fascia.be\\\/fr\\\/disclaimer\\\/#breadcrumb\"},\"inLanguage\":\"fr-FR\",\"potentialAction\":[{\"@type\":\"ReadAction\",\"target\":[\"https:\\\/\\\/staging.fascia.be\\\/fr\\\/disclaimer\\\/\"]}]},{\"@type\":\"BreadcrumbList\",\"@id\":\"https:\\\/\\\/staging.fascia.be\\\/fr\\\/disclaimer\\\/#breadcrumb\",\"itemListElement\":[{\"@type\":\"ListItem\",\"position\":1,\"name\":\"Home\",\"item\":\"https:\\\/\\\/staging.fascia.be\\\/fr\\\/\"},{\"@type\":\"ListItem\",\"position\":2,\"name\":\"Avis de non-responsabilit\u00e9\"}]},{\"@type\":\"WebSite\",\"@id\":\"https:\\\/\\\/staging.fascia.be\\\/fr\\\/#website\",\"url\":\"https:\\\/\\\/staging.fascia.be\\\/fr\\\/\",\"name\":\"Fascia Coll\u00e8ge\",\"description\":\"Fasciatherapie en Perceptieve pedagogie\",\"potentialAction\":[{\"@type\":\"SearchAction\",\"target\":{\"@type\":\"EntryPoint\",\"urlTemplate\":\"https:\\\/\\\/staging.fascia.be\\\/fr\\\/?s={search_term_string}\"},\"query-input\":{\"@type\":\"PropertyValueSpecification\",\"valueRequired\":true,\"valueName\":\"search_term_string\"}}],\"inLanguage\":\"fr-FR\"}]}<\/script>\n<!-- \/ Yoast SEO plugin. -->","yoast_head_json":{"title":"Avis de non-responsabilit\u00e9 - Fascia Coll\u00e8ge","robots":{"index":"noindex","follow":"follow","max-snippet":"max-snippet:-1","max-image-preview":"max-image-preview:large","max-video-preview":"max-video-preview:-1"},"og_locale":"fr_FR","og_type":"article","og_title":"Avis de non-responsabilit\u00e9 - Fascia Coll\u00e8ge","og_description":"Le pr\u00e9sent site web est la propri\u00e9t\u00e9 de l\u2019asbl ELB:&#13; &#13; 4 Anjelierenstraat \u00e0 3590 Diepenbeek \u2013 Belgique&#13; T\u00e9l. + 32 478 910 490 \u2013 info@fascia.be&#13; &#13; Du fait de votre acc\u00e8s au site web et de son utilisation vous consentez express\u00e9ment aux conditions g\u00e9n\u00e9rales mentionn\u00e9es ci-dessous. Droits de propri\u00e9t\u00e9 intellectuelle Le contenu du pr\u00e9sent [&hellip;]","og_url":"https:\/\/staging.fascia.be\/fr\/disclaimer\/","og_site_name":"Fascia Coll\u00e8ge","article_modified_time":"2021-04-17T09:40:13+00:00","twitter_card":"summary_large_image","twitter_misc":{"Dur\u00e9e de lecture estim\u00e9e":"3 minutes"},"schema":{"@context":"https:\/\/schema.org","@graph":[{"@type":"WebPage","@id":"https:\/\/staging.fascia.be\/fr\/disclaimer\/","url":"https:\/\/staging.fascia.be\/fr\/disclaimer\/","name":"Avis de non-responsabilit\u00e9 - Fascia Coll\u00e8ge","isPartOf":{"@id":"https:\/\/staging.fascia.be\/fr\/#website"},"datePublished":"2020-11-24T13:02:25+00:00","dateModified":"2021-04-17T09:40:13+00:00","breadcrumb":{"@id":"https:\/\/staging.fascia.be\/fr\/disclaimer\/#breadcrumb"},"inLanguage":"fr-FR","potentialAction":[{"@type":"ReadAction","target":["https:\/\/staging.fascia.be\/fr\/disclaimer\/"]}]},{"@type":"BreadcrumbList","@id":"https:\/\/staging.fascia.be\/fr\/disclaimer\/#breadcrumb","itemListElement":[{"@type":"ListItem","position":1,"name":"Home","item":"https:\/\/staging.fascia.be\/fr\/"},{"@type":"ListItem","position":2,"name":"Avis de non-responsabilit\u00e9"}]},{"@type":"WebSite","@id":"https:\/\/staging.fascia.be\/fr\/#website","url":"https:\/\/staging.fascia.be\/fr\/","name":"Fascia Coll\u00e8ge","description":"Fasciatherapie en Perceptieve pedagogie","potentialAction":[{"@type":"SearchAction","target":{"@type":"EntryPoint","urlTemplate":"https:\/\/staging.fascia.be\/fr\/?s={search_term_string}"},"query-input":{"@type":"PropertyValueSpecification","valueRequired":true,"valueName":"search_term_string"}}],"inLanguage":"fr-FR"}]}},"_links":{"self":[{"href":"https:\/\/staging.fascia.be\/fr\/wp-json\/wp\/v2\/pages\/1611","targetHints":{"allow":["GET"]}}],"collection":[{"href":"https:\/\/staging.fascia.be\/fr\/wp-json\/wp\/v2\/pages"}],"about":[{"href":"https:\/\/staging.fascia.be\/fr\/wp-json\/wp\/v2\/types\/page"}],"author":[{"embeddable":true,"href":"https:\/\/staging.fascia.be\/fr\/wp-json\/wp\/v2\/users\/1"}],"replies":[{"embeddable":true,"href":"https:\/\/staging.fascia.be\/fr\/wp-json\/wp\/v2\/comments?post=1611"}],"version-history":[{"count":3,"href":"https:\/\/staging.fascia.be\/fr\/wp-json\/wp\/v2\/pages\/1611\/revisions"}],"predecessor-version":[{"id":2349,"href":"https:\/\/staging.fascia.be\/fr\/wp-json\/wp\/v2\/pages\/1611\/revisions\/2349"}],"wp:attachment":[{"href":"https:\/\/staging.fascia.be\/fr\/wp-json\/wp\/v2\/media?parent=1611"}],"curies":[{"name":"wp","href":"https:\/\/api.w.org\/{rel}","templated":true}]}}