{"id":1609,"date":"2020-12-08T08:55:31","date_gmt":"2020-12-08T07:55:31","guid":{"rendered":"https:\/\/fascia.be\/covid-19-maatregelen\/"},"modified":"2022-01-06T09:14:20","modified_gmt":"2022-01-06T08:14:20","slug":"covid-19-maatregelen","status":"publish","type":"page","link":"https:\/\/staging.fascia.be\/fr\/a-propos-du-fascia-college\/covid-19-maatregelen\/","title":{"rendered":"Protocole Covid-19"},"content":{"rendered":"\n<p><div><strong><span lang=\"FR-BE\">Circulation au sein des locaux<\/span><\/strong><\/div><\/p>\n\n<ul class=\"wp-block-list\"><li>il est n\u00e9cessaire d\u2019\u00e9viter que les gens se croisent dans les locaux.<\/li><li>il est demand\u00e9 aux \u00e9tudiants d\u2019acc\u00e9der directement \u00e0 la salle de formation.<\/li><li>Le nettoyage des mains (eau et savon ou gel hydro alcoolique) est n\u00e9cessaire avant l\u2019entr\u00e9e dans la salle de formation.<\/li><li>Les \u00e9tudiants ont acc\u00e8s uniquement \u00e0 la salle de formation et aux toilettes.<\/li><\/ul>\n<p><div>&#13;\n&#13;\n<strong><span lang=\"FR-BE\">Pendant les formations<\/span><\/strong>&#13;\n&#13;\n<\/div><\/p>\n\n<ul class=\"wp-block-list\"><li>Il est recommand\u00e9 \u00e0 chaque \u00e9tudiant de disposer de son propre \u00e9quipement (savon et eau, gel, sac poubelle individuel, masques et lingettes le cas \u00e9ch\u00e9ant, etc.);<\/li><li>Il est recommand\u00e9 de respecter et faire respecter les gestes barri\u00e8res par les formateurs et participants \u00e0 l\u2019action de formation entre eux;<\/li><li>Dans la mesure du possible, une distance de 1 m\u00e8tre sera maintenue entre chaque table de massage;<\/li><li>La distanciation physique pr\u00e9conis\u00e9e par l\u2019OMS sera appliqu\u00e9e pendant toute la dur\u00e9e de la formation, except\u00e9 lors des pratiques de th\u00e9rapie manuelle.<\/li><li>Il est recommand\u00e9 aux \u00e9tudiants de venir avec une bouteille d\u2019eau individuelle.<\/li><li>Il est recommand\u00e9 de ne pas se toucher le visage avant de s\u2019\u00eatre lav\u00e9 les mains \u00e0 minima apr\u00e8s chaque intervention, avec de l\u2019eau et du savon ou du gel hydro alcoolique<\/li><li>Il est demand\u00e9 au \u00e9tudiant de pr\u00e9venir s\u2019il tombe malade ult\u00e9rieurement.<\/li><li>De cursist wordt gevraagd om te melden als hij\/zij ziek wordt.<\/li><\/ul>","protected":false},"excerpt":{"rendered":"<p>Circulation au sein des locaux il est n\u00e9cessaire d\u2019\u00e9viter que les gens se croisent dans les locaux. il est demand\u00e9 aux \u00e9tudiants d\u2019acc\u00e9der directement \u00e0 la salle de formation. Le nettoyage des mains (eau et savon ou gel hydro alcoolique) est n\u00e9cessaire avant l\u2019entr\u00e9e dans la salle de formation. Les \u00e9tudiants ont acc\u00e8s uniquement \u00e0 [&hellip;]<\/p>\n","protected":false},"author":1,"featured_media":0,"parent":1599,"menu_order":0,"comment_status":"closed","ping_status":"closed","template":"","meta":{"_acf_changed":false,"footnotes":""},"class_list":["post-1609","page","type-page","status-publish","hentry"],"acf":[],"yoast_head":"<!-- This site is optimized with the Yoast SEO plugin v27.4 - https:\/\/yoast.com\/product\/yoast-seo-wordpress\/ -->\n<title>Protocole Covid-19 - Fascia Coll\u00e8ge<\/title>\n<meta name=\"robots\" content=\"noindex, follow, max-snippet:-1, max-image-preview:large, max-video-preview:-1\" \/>\n<meta property=\"og:locale\" content=\"fr_FR\" \/>\n<meta property=\"og:type\" content=\"article\" \/>\n<meta property=\"og:title\" content=\"Protocole Covid-19 - Fascia Coll\u00e8ge\" \/>\n<meta property=\"og:description\" content=\"Circulation au sein des locaux il est n\u00e9cessaire d\u2019\u00e9viter que les gens se croisent dans les locaux. il est demand\u00e9 aux \u00e9tudiants d\u2019acc\u00e9der directement \u00e0 la salle de formation. Le nettoyage des mains (eau et savon ou gel hydro alcoolique) est n\u00e9cessaire avant l\u2019entr\u00e9e dans la salle de formation. Les \u00e9tudiants ont acc\u00e8s uniquement \u00e0 [&hellip;]\" \/>\n<meta property=\"og:url\" content=\"https:\/\/staging.fascia.be\/fr\/a-propos-du-fascia-college\/covid-19-maatregelen\/\" \/>\n<meta property=\"og:site_name\" content=\"Fascia Coll\u00e8ge\" \/>\n<meta property=\"article:modified_time\" content=\"2022-01-06T08:14:20+00:00\" \/>\n<meta name=\"twitter:card\" content=\"summary_large_image\" \/>\n<meta name=\"twitter:label1\" content=\"Dur\u00e9e de lecture estim\u00e9e\" \/>\n\t<meta name=\"twitter:data1\" content=\"1 minute\" \/>\n<script type=\"application\/ld+json\" class=\"yoast-schema-graph\">{\"@context\":\"https:\\\/\\\/schema.org\",\"@graph\":[{\"@type\":\"WebPage\",\"@id\":\"https:\\\/\\\/staging.fascia.be\\\/fr\\\/a-propos-du-fascia-college\\\/covid-19-maatregelen\\\/\",\"url\":\"https:\\\/\\\/staging.fascia.be\\\/fr\\\/a-propos-du-fascia-college\\\/covid-19-maatregelen\\\/\",\"name\":\"Protocole Covid-19 - Fascia Coll\u00e8ge\",\"isPartOf\":{\"@id\":\"https:\\\/\\\/staging.fascia.be\\\/fr\\\/#website\"},\"datePublished\":\"2020-12-08T07:55:31+00:00\",\"dateModified\":\"2022-01-06T08:14:20+00:00\",\"breadcrumb\":{\"@id\":\"https:\\\/\\\/staging.fascia.be\\\/fr\\\/a-propos-du-fascia-college\\\/covid-19-maatregelen\\\/#breadcrumb\"},\"inLanguage\":\"fr-FR\",\"potentialAction\":[{\"@type\":\"ReadAction\",\"target\":[\"https:\\\/\\\/staging.fascia.be\\\/fr\\\/a-propos-du-fascia-college\\\/covid-19-maatregelen\\\/\"]}]},{\"@type\":\"BreadcrumbList\",\"@id\":\"https:\\\/\\\/staging.fascia.be\\\/fr\\\/a-propos-du-fascia-college\\\/covid-19-maatregelen\\\/#breadcrumb\",\"itemListElement\":[{\"@type\":\"ListItem\",\"position\":1,\"name\":\"Home\",\"item\":\"https:\\\/\\\/staging.fascia.be\\\/fr\\\/\"},{\"@type\":\"ListItem\",\"position\":2,\"name\":\"\u00c0 propos du Fascia College\",\"item\":\"https:\\\/\\\/staging.fascia.be\\\/fr\\\/a-propos-du-fascia-college\\\/\"},{\"@type\":\"ListItem\",\"position\":3,\"name\":\"Protocole Covid-19\"}]},{\"@type\":\"WebSite\",\"@id\":\"https:\\\/\\\/staging.fascia.be\\\/fr\\\/#website\",\"url\":\"https:\\\/\\\/staging.fascia.be\\\/fr\\\/\",\"name\":\"Fascia Coll\u00e8ge\",\"description\":\"Fasciatherapie en Perceptieve pedagogie\",\"potentialAction\":[{\"@type\":\"SearchAction\",\"target\":{\"@type\":\"EntryPoint\",\"urlTemplate\":\"https:\\\/\\\/staging.fascia.be\\\/fr\\\/?s={search_term_string}\"},\"query-input\":{\"@type\":\"PropertyValueSpecification\",\"valueRequired\":true,\"valueName\":\"search_term_string\"}}],\"inLanguage\":\"fr-FR\"}]}<\/script>\n<!-- \/ Yoast SEO plugin. -->","yoast_head_json":{"title":"Protocole Covid-19 - Fascia Coll\u00e8ge","robots":{"index":"noindex","follow":"follow","max-snippet":"max-snippet:-1","max-image-preview":"max-image-preview:large","max-video-preview":"max-video-preview:-1"},"og_locale":"fr_FR","og_type":"article","og_title":"Protocole Covid-19 - Fascia Coll\u00e8ge","og_description":"Circulation au sein des locaux il est n\u00e9cessaire d\u2019\u00e9viter que les gens se croisent dans les locaux. il est demand\u00e9 aux \u00e9tudiants d\u2019acc\u00e9der directement \u00e0 la salle de formation. Le nettoyage des mains (eau et savon ou gel hydro alcoolique) est n\u00e9cessaire avant l\u2019entr\u00e9e dans la salle de formation. Les \u00e9tudiants ont acc\u00e8s uniquement \u00e0 [&hellip;]","og_url":"https:\/\/staging.fascia.be\/fr\/a-propos-du-fascia-college\/covid-19-maatregelen\/","og_site_name":"Fascia Coll\u00e8ge","article_modified_time":"2022-01-06T08:14:20+00:00","twitter_card":"summary_large_image","twitter_misc":{"Dur\u00e9e de lecture estim\u00e9e":"1 minute"},"schema":{"@context":"https:\/\/schema.org","@graph":[{"@type":"WebPage","@id":"https:\/\/staging.fascia.be\/fr\/a-propos-du-fascia-college\/covid-19-maatregelen\/","url":"https:\/\/staging.fascia.be\/fr\/a-propos-du-fascia-college\/covid-19-maatregelen\/","name":"Protocole Covid-19 - Fascia Coll\u00e8ge","isPartOf":{"@id":"https:\/\/staging.fascia.be\/fr\/#website"},"datePublished":"2020-12-08T07:55:31+00:00","dateModified":"2022-01-06T08:14:20+00:00","breadcrumb":{"@id":"https:\/\/staging.fascia.be\/fr\/a-propos-du-fascia-college\/covid-19-maatregelen\/#breadcrumb"},"inLanguage":"fr-FR","potentialAction":[{"@type":"ReadAction","target":["https:\/\/staging.fascia.be\/fr\/a-propos-du-fascia-college\/covid-19-maatregelen\/"]}]},{"@type":"BreadcrumbList","@id":"https:\/\/staging.fascia.be\/fr\/a-propos-du-fascia-college\/covid-19-maatregelen\/#breadcrumb","itemListElement":[{"@type":"ListItem","position":1,"name":"Home","item":"https:\/\/staging.fascia.be\/fr\/"},{"@type":"ListItem","position":2,"name":"\u00c0 propos du Fascia College","item":"https:\/\/staging.fascia.be\/fr\/a-propos-du-fascia-college\/"},{"@type":"ListItem","position":3,"name":"Protocole Covid-19"}]},{"@type":"WebSite","@id":"https:\/\/staging.fascia.be\/fr\/#website","url":"https:\/\/staging.fascia.be\/fr\/","name":"Fascia Coll\u00e8ge","description":"Fasciatherapie en Perceptieve pedagogie","potentialAction":[{"@type":"SearchAction","target":{"@type":"EntryPoint","urlTemplate":"https:\/\/staging.fascia.be\/fr\/?s={search_term_string}"},"query-input":{"@type":"PropertyValueSpecification","valueRequired":true,"valueName":"search_term_string"}}],"inLanguage":"fr-FR"}]}},"_links":{"self":[{"href":"https:\/\/staging.fascia.be\/fr\/wp-json\/wp\/v2\/pages\/1609","targetHints":{"allow":["GET"]}}],"collection":[{"href":"https:\/\/staging.fascia.be\/fr\/wp-json\/wp\/v2\/pages"}],"about":[{"href":"https:\/\/staging.fascia.be\/fr\/wp-json\/wp\/v2\/types\/page"}],"author":[{"embeddable":true,"href":"https:\/\/staging.fascia.be\/fr\/wp-json\/wp\/v2\/users\/1"}],"replies":[{"embeddable":true,"href":"https:\/\/staging.fascia.be\/fr\/wp-json\/wp\/v2\/comments?post=1609"}],"version-history":[{"count":5,"href":"https:\/\/staging.fascia.be\/fr\/wp-json\/wp\/v2\/pages\/1609\/revisions"}],"predecessor-version":[{"id":4937,"href":"https:\/\/staging.fascia.be\/fr\/wp-json\/wp\/v2\/pages\/1609\/revisions\/4937"}],"up":[{"embeddable":true,"href":"https:\/\/staging.fascia.be\/fr\/wp-json\/wp\/v2\/pages\/1599"}],"wp:attachment":[{"href":"https:\/\/staging.fascia.be\/fr\/wp-json\/wp\/v2\/media?parent=1609"}],"curies":[{"name":"wp","href":"https:\/\/api.w.org\/{rel}","templated":true}]}}