{"id":1605,"date":"2020-10-28T16:04:32","date_gmt":"2020-10-28T15:04:32","guid":{"rendered":"https:\/\/fascia.be\/contact\/"},"modified":"2024-09-13T13:19:30","modified_gmt":"2024-09-13T11:19:30","slug":"contact","status":"publish","type":"page","link":"https:\/\/staging.fascia.be\/fr\/contact\/","title":{"rendered":"Contact"},"content":{"rendered":"\n<div class=\"wp-block-columns is-layout-flex wp-container-core-columns-is-layout-9d6595d7 wp-block-columns-is-layout-flex\">\n<div class=\"wp-block-column is-layout-flow wp-block-column-is-layout-flow\">\n<h4 class=\"wp-block-heading\">Secr\u00e9tariat<\/h4>\n\n\n\n<p>Fascia Coll\u00e8ge \u2013 Departement Fasciath\u00e9rapie<br>Oude Abdij Drongen<br>Drongenplein 26b3<br>9031 Drongen<br>Belgi\u00eb<\/p>\n\n\n\n<p>IBAN BE59 6528 2285 5126<\/p>\n\n\n\n<h4 class=\"wp-block-heading\">Questions g\u00e9n\u00e9rale<\/h4>\n\n\n\n<p>Philip Vandecruys<br><a href=\"mailto:info@fascia.be\">info@fascia.be<\/a><\/p>\n\n\n\n<h4 class=\"wp-block-heading\">Formation Fasciath\u00e9rapie<\/h4>\n\n\n\n<p>Isabel De Keyser\r\n<a href=\"mailto:isabel.dekeyser@fascia.be\">isabel.dekeyser@fascia.be<\/a><\/p>\n<\/div>\n\n\n\n<div class=\"wp-block-column is-layout-flow wp-block-column-is-layout-flow\">\n<h4 class=\"wp-block-heading\">Secr\u00e9tariat\/Administration<\/h4>\n\n\n\n<p>Norhen Gmati-Trabelsi<br><a href=\"mailto:admin@fascia.be\">admin@fascia.be<\/a><br><a href=\"tel:+32456055196\">+32 456 05 51 96<\/a><\/p>\n\n\n\n<p>joignable par t\u00e9l\u00e9phone au\r\nlundi, mardi, jeudi , \u00e0 chaque fois de 13u-15u\r\n(contactez-nous de pr\u00e9f\u00e9rence par e-mail)<\/p>\n\n\n\n<h4 class=\"wp-block-heading\">Service d\u2019ombudsman<\/h4>\n\n\n\n<p>Si vous avez des plaintes ou des questions concernant notre organisation, vous pouvez contacter l\u2019ombudsman: Bart De Waele \u2013&nbsp;<a href=\"mailto:integrite@fascia.be\">integrite@fascia.be<\/a><\/p>\n\n\n\n<h4 class=\"wp-block-heading\">Association Professionelle FFBeNeLux asbl<\/h4>\n\n\n\n<p><a href=\"mailto:beroepsverenigingFFBNL@fascia.be\">beroepsverenigingFFBNL@fascia.be<\/a><\/p>\n<\/div>\n<\/div>\n\n\n\n<p><\/p>\n","protected":false},"excerpt":{"rendered":"<p>Secr\u00e9tariat Fascia Coll\u00e8ge \u2013 Departement Fasciath\u00e9rapieOude Abdij DrongenDrongenplein 26b39031 DrongenBelgi\u00eb IBAN BE59 6528 2285 5126 Questions g\u00e9n\u00e9rale Philip Vandecruysinfo@fascia.be Formation Fasciath\u00e9rapie Isabel De Keyser isabel.dekeyser@fascia.be Secr\u00e9tariat\/Administration Norhen Gmati-Trabelsiadmin@fascia.be+32 456 05 51 96 joignable par t\u00e9l\u00e9phone au lundi, mardi, jeudi , \u00e0 chaque fois de 13u-15u (contactez-nous de pr\u00e9f\u00e9rence par e-mail) Service d\u2019ombudsman Si vous avez [&hellip;]<\/p>\n","protected":false},"author":1,"featured_media":0,"parent":0,"menu_order":0,"comment_status":"closed","ping_status":"closed","template":"","meta":{"_acf_changed":false,"footnotes":""},"class_list":["post-1605","page","type-page","status-publish","hentry"],"acf":[],"yoast_head":"<!-- This site is optimized with the Yoast SEO plugin v27.4 - https:\/\/yoast.com\/product\/yoast-seo-wordpress\/ -->\n<title>Contact - Fascia Coll\u00e8ge<\/title>\n<meta name=\"robots\" content=\"noindex, follow, max-snippet:-1, max-image-preview:large, max-video-preview:-1\" \/>\n<meta property=\"og:locale\" content=\"fr_FR\" \/>\n<meta property=\"og:type\" content=\"article\" \/>\n<meta property=\"og:title\" content=\"Contact - Fascia Coll\u00e8ge\" \/>\n<meta property=\"og:description\" content=\"Secr\u00e9tariat Fascia Coll\u00e8ge \u2013 Departement Fasciath\u00e9rapieOude Abdij DrongenDrongenplein 26b39031 DrongenBelgi\u00eb IBAN BE59 6528 2285 5126 Questions g\u00e9n\u00e9rale Philip Vandecruysinfo@fascia.be Formation Fasciath\u00e9rapie Isabel De Keyser isabel.dekeyser@fascia.be Secr\u00e9tariat\/Administration Norhen Gmati-Trabelsiadmin@fascia.be+32 456 05 51 96 joignable par t\u00e9l\u00e9phone au lundi, mardi, jeudi , \u00e0 chaque fois de 13u-15u (contactez-nous de pr\u00e9f\u00e9rence par e-mail) Service d\u2019ombudsman Si vous avez [&hellip;]\" \/>\n<meta property=\"og:url\" content=\"https:\/\/staging.fascia.be\/fr\/contact\/\" \/>\n<meta property=\"og:site_name\" content=\"Fascia Coll\u00e8ge\" \/>\n<meta property=\"article:modified_time\" content=\"2024-09-13T11:19:30+00:00\" \/>\n<meta name=\"twitter:card\" content=\"summary_large_image\" \/>\n<meta name=\"twitter:label1\" content=\"Dur\u00e9e de lecture estim\u00e9e\" \/>\n\t<meta name=\"twitter:data1\" content=\"1 minute\" \/>\n<script type=\"application\/ld+json\" class=\"yoast-schema-graph\">{\"@context\":\"https:\\\/\\\/schema.org\",\"@graph\":[{\"@type\":\"WebPage\",\"@id\":\"https:\\\/\\\/staging.fascia.be\\\/fr\\\/contact\\\/\",\"url\":\"https:\\\/\\\/staging.fascia.be\\\/fr\\\/contact\\\/\",\"name\":\"Contact - Fascia Coll\u00e8ge\",\"isPartOf\":{\"@id\":\"https:\\\/\\\/staging.fascia.be\\\/fr\\\/#website\"},\"datePublished\":\"2020-10-28T15:04:32+00:00\",\"dateModified\":\"2024-09-13T11:19:30+00:00\",\"breadcrumb\":{\"@id\":\"https:\\\/\\\/staging.fascia.be\\\/fr\\\/contact\\\/#breadcrumb\"},\"inLanguage\":\"fr-FR\",\"potentialAction\":[{\"@type\":\"ReadAction\",\"target\":[\"https:\\\/\\\/staging.fascia.be\\\/fr\\\/contact\\\/\"]}]},{\"@type\":\"BreadcrumbList\",\"@id\":\"https:\\\/\\\/staging.fascia.be\\\/fr\\\/contact\\\/#breadcrumb\",\"itemListElement\":[{\"@type\":\"ListItem\",\"position\":1,\"name\":\"Home\",\"item\":\"https:\\\/\\\/staging.fascia.be\\\/fr\\\/\"},{\"@type\":\"ListItem\",\"position\":2,\"name\":\"Contact\"}]},{\"@type\":\"WebSite\",\"@id\":\"https:\\\/\\\/staging.fascia.be\\\/fr\\\/#website\",\"url\":\"https:\\\/\\\/staging.fascia.be\\\/fr\\\/\",\"name\":\"Fascia Coll\u00e8ge\",\"description\":\"Fasciatherapie en Perceptieve pedagogie\",\"potentialAction\":[{\"@type\":\"SearchAction\",\"target\":{\"@type\":\"EntryPoint\",\"urlTemplate\":\"https:\\\/\\\/staging.fascia.be\\\/fr\\\/?s={search_term_string}\"},\"query-input\":{\"@type\":\"PropertyValueSpecification\",\"valueRequired\":true,\"valueName\":\"search_term_string\"}}],\"inLanguage\":\"fr-FR\"}]}<\/script>\n<!-- \/ Yoast SEO plugin. -->","yoast_head_json":{"title":"Contact - Fascia Coll\u00e8ge","robots":{"index":"noindex","follow":"follow","max-snippet":"max-snippet:-1","max-image-preview":"max-image-preview:large","max-video-preview":"max-video-preview:-1"},"og_locale":"fr_FR","og_type":"article","og_title":"Contact - Fascia Coll\u00e8ge","og_description":"Secr\u00e9tariat Fascia Coll\u00e8ge \u2013 Departement Fasciath\u00e9rapieOude Abdij DrongenDrongenplein 26b39031 DrongenBelgi\u00eb IBAN BE59 6528 2285 5126 Questions g\u00e9n\u00e9rale Philip Vandecruysinfo@fascia.be Formation Fasciath\u00e9rapie Isabel De Keyser isabel.dekeyser@fascia.be Secr\u00e9tariat\/Administration Norhen Gmati-Trabelsiadmin@fascia.be+32 456 05 51 96 joignable par t\u00e9l\u00e9phone au lundi, mardi, jeudi , \u00e0 chaque fois de 13u-15u (contactez-nous de pr\u00e9f\u00e9rence par e-mail) Service d\u2019ombudsman Si vous avez [&hellip;]","og_url":"https:\/\/staging.fascia.be\/fr\/contact\/","og_site_name":"Fascia Coll\u00e8ge","article_modified_time":"2024-09-13T11:19:30+00:00","twitter_card":"summary_large_image","twitter_misc":{"Dur\u00e9e de lecture estim\u00e9e":"1 minute"},"schema":{"@context":"https:\/\/schema.org","@graph":[{"@type":"WebPage","@id":"https:\/\/staging.fascia.be\/fr\/contact\/","url":"https:\/\/staging.fascia.be\/fr\/contact\/","name":"Contact - Fascia Coll\u00e8ge","isPartOf":{"@id":"https:\/\/staging.fascia.be\/fr\/#website"},"datePublished":"2020-10-28T15:04:32+00:00","dateModified":"2024-09-13T11:19:30+00:00","breadcrumb":{"@id":"https:\/\/staging.fascia.be\/fr\/contact\/#breadcrumb"},"inLanguage":"fr-FR","potentialAction":[{"@type":"ReadAction","target":["https:\/\/staging.fascia.be\/fr\/contact\/"]}]},{"@type":"BreadcrumbList","@id":"https:\/\/staging.fascia.be\/fr\/contact\/#breadcrumb","itemListElement":[{"@type":"ListItem","position":1,"name":"Home","item":"https:\/\/staging.fascia.be\/fr\/"},{"@type":"ListItem","position":2,"name":"Contact"}]},{"@type":"WebSite","@id":"https:\/\/staging.fascia.be\/fr\/#website","url":"https:\/\/staging.fascia.be\/fr\/","name":"Fascia Coll\u00e8ge","description":"Fasciatherapie en Perceptieve pedagogie","potentialAction":[{"@type":"SearchAction","target":{"@type":"EntryPoint","urlTemplate":"https:\/\/staging.fascia.be\/fr\/?s={search_term_string}"},"query-input":{"@type":"PropertyValueSpecification","valueRequired":true,"valueName":"search_term_string"}}],"inLanguage":"fr-FR"}]}},"_links":{"self":[{"href":"https:\/\/staging.fascia.be\/fr\/wp-json\/wp\/v2\/pages\/1605","targetHints":{"allow":["GET"]}}],"collection":[{"href":"https:\/\/staging.fascia.be\/fr\/wp-json\/wp\/v2\/pages"}],"about":[{"href":"https:\/\/staging.fascia.be\/fr\/wp-json\/wp\/v2\/types\/page"}],"author":[{"embeddable":true,"href":"https:\/\/staging.fascia.be\/fr\/wp-json\/wp\/v2\/users\/1"}],"replies":[{"embeddable":true,"href":"https:\/\/staging.fascia.be\/fr\/wp-json\/wp\/v2\/comments?post=1605"}],"version-history":[{"count":6,"href":"https:\/\/staging.fascia.be\/fr\/wp-json\/wp\/v2\/pages\/1605\/revisions"}],"predecessor-version":[{"id":15252,"href":"https:\/\/staging.fascia.be\/fr\/wp-json\/wp\/v2\/pages\/1605\/revisions\/15252"}],"wp:attachment":[{"href":"https:\/\/staging.fascia.be\/fr\/wp-json\/wp\/v2\/media?parent=1605"}],"curies":[{"name":"wp","href":"https:\/\/api.w.org\/{rel}","templated":true}]}}