{"id":1603,"date":"2020-11-25T12:05:43","date_gmt":"2020-11-25T11:05:43","guid":{"rendered":"https:\/\/fascia.be\/faq\/"},"modified":"2024-09-13T13:28:28","modified_gmt":"2024-09-13T11:28:28","slug":"faq","status":"publish","type":"page","link":"https:\/\/staging.fascia.be\/fr\/contact\/faq\/","title":{"rendered":"FAQ"},"content":{"rendered":"\n<p><strong>Quelles sont les conditions requises pour participer \u00e0 la formation de fasciath\u00e9rapie?<\/strong><\/p>\n\n\n\n<p>Tout participant \u00e0 la formation de fasciath\u00e9rapie doit \u00eatre dipl\u00f4m\u00e9 en kin\u00e9sith\u00e9rapie ou en m\u00e9decine. Si vous ne disposez pas d\u2019un dipl\u00f4me de kin\u00e9sith\u00e9rapeute ou de m\u00e9decin, il est possible de suivre la formation en tant qu\u2019\u00e9tudiant libre si votre dossier a \u00e9t\u00e9 accept\u00e9. Evidemment, un \u00e9tudiant libre ne pourra pas obtenir le dipl\u00f4me. Les candidats non kin\u00e9sith\u00e9rapeutes pourront toutefois suivre la formation en p\u00e9dagogie perceptive ou en somato-psychop\u00e9dagogie.<\/p>\n\n\n\n<p><strong>Quelle est la dur\u00e9e de la formation en fasciath\u00e9rapie?<\/strong><\/p>\n\n\n\n<p>La formation compl\u00e8te comprend 24 s\u00e9minaires de 3 journ\u00e9es. La formation est r\u00e9partie sur plusieurs modules : la fasciath\u00e9rapie-somatologie (14 s\u00e9minaires), la fasciath\u00e9rapie-pulsologie (3 s\u00e9minaires) et la somato-psychop\u00e9dagogie (7 s\u00e9minaires).<\/p>\n\n\n\n<p><strong>Faut-il suivre la formation dans sa totalit\u00e9 ou peut-on choisir des s\u00e9minaires \u00e0 la carte?<\/strong><\/p>\n\n\n\n<p>Chaque s\u00e9minaire s\u2019appuie sur le s\u00e9minaire pr\u00e9c\u00e9dent, de sorte qu\u2019il est impossible de choisir des s\u00e9minaires \u00e0 la carte. Si des circonstances particuli\u00e8res vous emp\u00eachent de suivre l\u2019un des s\u00e9minaires, il vous sera permis de suivre celui-ci au cours de l\u2019ann\u00e9e suivante.<\/p>\n\n\n\n<p><strong>Comment se d\u00e9roule un s\u00e9minaire de fasciath\u00e9rapie&nbsp;?<\/strong><\/p>\n\n\n\n<p>Environ un tiers de la dur\u00e9e d\u2019un s\u00e9minaire est consacr\u00e9 \u00e0 des cours th\u00e9oriques : anatomie topographique et dynamique, physiologie, pathologie, philosophie, p\u00e9dagogie, th\u00e9orie de la fasciath\u00e9rapie. La majeure partie du temps est r\u00e9serv\u00e9e \u00e0 la pratique : traitement\nmanuel, th\u00e9rapie du mouvement et introspection. Chaque cours pratique est suivi d\u2019un bilan pr\u00e9cis afin d\u2019int\u00e9grer la mati\u00e8re enseign\u00e9e.<\/p>\n\n\n\n<p><strong>Comment s\u2019inscrire \u00e0 la formation?<\/strong><\/p>\n\n\n\n<p>Commencez par enregistrer votre compte utilisateur (account) sur le site web. Apr\u00e8s l\u2019enregistrement et le remplissage des champs requis dans votre profil, vous pouvez vous inscrire \u00e0 la page du s\u00e9minaire. Vous recevrez confirmation par e-mail et vous retrouverez votre inscription dans le menu \u00ab Participation \u00bb \u2013 \u00ab Inscriptions \u00bb.<\/p>\n\n\n\n<p><strong>Faut-il passer des examens?<\/strong><\/p>\n\n\n\n<p>Le 14<sup>i\u00e8me<\/sup> et le dernier s\u00e9minaire (24) sont consacr\u00e9s aux \u00e9valuations. Concr\u00e8tement cela signifie que les formateurs vont vous \u00e9valuer individuellement en mati\u00e8re de th\u00e9orie et de pratique afin de v\u00e9rifier les comp\u00e9tences acquises et de d\u00e9terminer les acquis \u00e0 am\u00e9liorer. L\u2019exp\u00e9rience nous a montr\u00e9 qu\u2019il s\u2019agit avant tout d\u2019un s\u00e9minaire d\u2019int\u00e9gration, plut\u00f4t que d\u2019un examen au sens \u00ab classique \u00bb que vous avez connu au cours de vos \u00e9tudes de kin\u00e9sith\u00e9rapie.<\/p>\n\n\n\n<p><strong>Faut-il r\u00e9diger un m\u00e9moire de fin d\u2019\u00e9tudes ou une th\u00e8se&nbsp;?<\/strong><\/p>\n\n\n\n<p>En effet, le m\u00e9moire de fin d\u2019\u00e9tudes fait partie des r\u00e9sultats d\u2019apprentissage. Il faut \u00e9galement soumettre un portfolio qui comprend tous vos examens et t\u00e2ches. Toutes ces donn\u00e9es sont prises en compte pour l\u2019\u00e9valuation finale.<\/p>\n\n\n\n<p><strong>Est-ce que la formation peut b\u00e9n\u00e9ficier du Cong\u00e9 de formation flamand (ant\u00e9rieurement \u2018Cong\u00e9 d\u2019\u00e9ducation flamand\u2019)&nbsp;?<\/strong><\/p>\n\n\n\n<p>Oui, la formation est \u00e9ligible pour le Cong\u00e9 de formation flamand. Au terme de chaque trimestre, une attestation de pr\u00e9sence sera fournie, si n\u00e9cessaire. Pour introduire la demande aupr\u00e8s de votre employeur, vous avez besoin d\u2019informations que vous trouverez sur notre site web.<\/p>\n\n\n\n<p><strong>Puis-je utiliser le Ch\u00e8ques Formation pour payer la formation&nbsp;?<\/strong><\/p>\n\n\n\n<p>Non, nous n&rsquo;avons plus d&rsquo;accr\u00e9ditation pour les ch\u00e8ques formations.<\/p>\n\n\n\n<h2 class=\"wp-block-heading\">POUR LES FASCIATHERAPEUTES<\/h2>\n\n\n\n<p><strong>Je d\u00e9sire m\u2019inscrire \u00e0 un s\u00e9minaire. Comment faire&nbsp;?<\/strong><\/p>\n\n\n\n<p>Commencez par enregistrer votre compte utilisateur (account) sur le site web. Apr\u00e8s l\u2019enregistrement et le remplissage des champs requis dans votre profil, vous pouvez vous inscrire \u00e0 la page du s\u00e9minaire. Vous recevrez confirmation par e-mail et vous retrouverez votre inscription dans le menu \u00ab Participation \u00bb \u2013 \u00ab Inscriptions \u00bb.<\/p>\n\n\n\n<p><strong>Faut-il payer tous les s\u00e9minaires en une fois ou est-il possible de payer par s\u00e9minaire&nbsp;?<\/strong><\/p>\n\n\n\n<p>Vous pouvez payer chaque s\u00e9minaire s\u00e9par\u00e9ment. Le paiement de plusieurs s\u00e9minaires ensemble peut simplifier l\u2019administration, mais n\u2019est pas obligatoire. <\/p>\n\n\n\n<p><strong>J\u2019ai besoin d\u2019une attestation de pr\u00e9sence pour mon employeur.<\/strong><\/p>\n\n\n\n<p>Cette attestation vous sera envoy\u00e9e automatiquement apr\u00e8s chaque s\u00e9minaire. Si vous ne l\u2019avez pas re\u00e7ue, vous pourrez toujours contacter le secr\u00e9tariat.<\/p>\n\n\n\n<p><strong>J\u2019ai pay\u00e9 l\u2019assurance \u2018Responsabilit\u00e9 professionnelle\u2019, mais je n\u2019ai pas re\u00e7u de police individuelle ou preuve de paiement.<\/strong><\/p>\n\n\n\n<p>C\u2019est normal. Votre preuve de paiement (extrait de compte en banque et facture de votre cotisation vers\u00e9e \u00e0 votre association professionnelle) prouve suffisamment que vous avez souscrit \u00e0 la police d\u2019assurance groupe. Vous trouverez la police d\u2019assurance groupe ici.<\/p>\n\n\n\n<p><strong>Quelles sont les conditions pour \u00eatre r\u00e9pertori\u00e9 dans la liste des th\u00e9rapeutes figurant sur Internet&nbsp;?<\/strong><\/p>\n\n\n\n<p>Il faut d\u2019abord avoir termin\u00e9 la formation et obtenu votre dipl\u00f4me. En outre, il faut suivre au moins un s\u00e9minaire de formation continue par ans en Belgique ou \u00e0 l\u2019\u00e9tranger.<\/p>\n\n\n\n<p><\/p>\n","protected":false},"excerpt":{"rendered":"<p>Quelles sont les conditions requises pour participer \u00e0 la formation de fasciath\u00e9rapie? Tout participant \u00e0 la formation de fasciath\u00e9rapie doit \u00eatre dipl\u00f4m\u00e9 en kin\u00e9sith\u00e9rapie ou en m\u00e9decine. Si vous ne disposez pas d\u2019un dipl\u00f4me de kin\u00e9sith\u00e9rapeute ou de m\u00e9decin, il est possible de suivre la formation en tant qu\u2019\u00e9tudiant libre si votre dossier a \u00e9t\u00e9 [&hellip;]<\/p>\n","protected":false},"author":1,"featured_media":0,"parent":1605,"menu_order":0,"comment_status":"closed","ping_status":"closed","template":"","meta":{"_acf_changed":false,"footnotes":""},"class_list":["post-1603","page","type-page","status-publish","hentry"],"acf":[],"yoast_head":"<!-- This site is optimized with the Yoast SEO plugin v27.4 - https:\/\/yoast.com\/product\/yoast-seo-wordpress\/ -->\n<title>FAQ - Fascia Coll\u00e8ge<\/title>\n<meta name=\"robots\" content=\"noindex, follow, max-snippet:-1, max-image-preview:large, max-video-preview:-1\" \/>\n<meta property=\"og:locale\" content=\"fr_FR\" \/>\n<meta property=\"og:type\" content=\"article\" \/>\n<meta property=\"og:title\" content=\"FAQ - Fascia Coll\u00e8ge\" \/>\n<meta property=\"og:description\" content=\"Quelles sont les conditions requises pour participer \u00e0 la formation de fasciath\u00e9rapie? Tout participant \u00e0 la formation de fasciath\u00e9rapie doit \u00eatre dipl\u00f4m\u00e9 en kin\u00e9sith\u00e9rapie ou en m\u00e9decine. Si vous ne disposez pas d\u2019un dipl\u00f4me de kin\u00e9sith\u00e9rapeute ou de m\u00e9decin, il est possible de suivre la formation en tant qu\u2019\u00e9tudiant libre si votre dossier a \u00e9t\u00e9 [&hellip;]\" \/>\n<meta property=\"og:url\" content=\"https:\/\/staging.fascia.be\/fr\/contact\/faq\/\" \/>\n<meta property=\"og:site_name\" content=\"Fascia Coll\u00e8ge\" \/>\n<meta property=\"article:modified_time\" content=\"2024-09-13T11:28:28+00:00\" \/>\n<meta name=\"twitter:card\" content=\"summary_large_image\" \/>\n<meta name=\"twitter:label1\" content=\"Dur\u00e9e de lecture estim\u00e9e\" \/>\n\t<meta name=\"twitter:data1\" content=\"4 minutes\" \/>\n<script type=\"application\/ld+json\" class=\"yoast-schema-graph\">{\"@context\":\"https:\\\/\\\/schema.org\",\"@graph\":[{\"@type\":\"WebPage\",\"@id\":\"https:\\\/\\\/staging.fascia.be\\\/fr\\\/contact\\\/faq\\\/\",\"url\":\"https:\\\/\\\/staging.fascia.be\\\/fr\\\/contact\\\/faq\\\/\",\"name\":\"FAQ - Fascia Coll\u00e8ge\",\"isPartOf\":{\"@id\":\"https:\\\/\\\/staging.fascia.be\\\/fr\\\/#website\"},\"datePublished\":\"2020-11-25T11:05:43+00:00\",\"dateModified\":\"2024-09-13T11:28:28+00:00\",\"breadcrumb\":{\"@id\":\"https:\\\/\\\/staging.fascia.be\\\/fr\\\/contact\\\/faq\\\/#breadcrumb\"},\"inLanguage\":\"fr-FR\",\"potentialAction\":[{\"@type\":\"ReadAction\",\"target\":[\"https:\\\/\\\/staging.fascia.be\\\/fr\\\/contact\\\/faq\\\/\"]}]},{\"@type\":\"BreadcrumbList\",\"@id\":\"https:\\\/\\\/staging.fascia.be\\\/fr\\\/contact\\\/faq\\\/#breadcrumb\",\"itemListElement\":[{\"@type\":\"ListItem\",\"position\":1,\"name\":\"Home\",\"item\":\"https:\\\/\\\/staging.fascia.be\\\/fr\\\/\"},{\"@type\":\"ListItem\",\"position\":2,\"name\":\"Contact\",\"item\":\"https:\\\/\\\/staging.fascia.be\\\/fr\\\/contact\\\/\"},{\"@type\":\"ListItem\",\"position\":3,\"name\":\"FAQ\"}]},{\"@type\":\"WebSite\",\"@id\":\"https:\\\/\\\/staging.fascia.be\\\/fr\\\/#website\",\"url\":\"https:\\\/\\\/staging.fascia.be\\\/fr\\\/\",\"name\":\"Fascia Coll\u00e8ge\",\"description\":\"Fasciatherapie en Perceptieve pedagogie\",\"potentialAction\":[{\"@type\":\"SearchAction\",\"target\":{\"@type\":\"EntryPoint\",\"urlTemplate\":\"https:\\\/\\\/staging.fascia.be\\\/fr\\\/?s={search_term_string}\"},\"query-input\":{\"@type\":\"PropertyValueSpecification\",\"valueRequired\":true,\"valueName\":\"search_term_string\"}}],\"inLanguage\":\"fr-FR\"}]}<\/script>\n<!-- \/ Yoast SEO plugin. -->","yoast_head_json":{"title":"FAQ - Fascia Coll\u00e8ge","robots":{"index":"noindex","follow":"follow","max-snippet":"max-snippet:-1","max-image-preview":"max-image-preview:large","max-video-preview":"max-video-preview:-1"},"og_locale":"fr_FR","og_type":"article","og_title":"FAQ - Fascia Coll\u00e8ge","og_description":"Quelles sont les conditions requises pour participer \u00e0 la formation de fasciath\u00e9rapie? Tout participant \u00e0 la formation de fasciath\u00e9rapie doit \u00eatre dipl\u00f4m\u00e9 en kin\u00e9sith\u00e9rapie ou en m\u00e9decine. Si vous ne disposez pas d\u2019un dipl\u00f4me de kin\u00e9sith\u00e9rapeute ou de m\u00e9decin, il est possible de suivre la formation en tant qu\u2019\u00e9tudiant libre si votre dossier a \u00e9t\u00e9 [&hellip;]","og_url":"https:\/\/staging.fascia.be\/fr\/contact\/faq\/","og_site_name":"Fascia Coll\u00e8ge","article_modified_time":"2024-09-13T11:28:28+00:00","twitter_card":"summary_large_image","twitter_misc":{"Dur\u00e9e de lecture estim\u00e9e":"4 minutes"},"schema":{"@context":"https:\/\/schema.org","@graph":[{"@type":"WebPage","@id":"https:\/\/staging.fascia.be\/fr\/contact\/faq\/","url":"https:\/\/staging.fascia.be\/fr\/contact\/faq\/","name":"FAQ - Fascia Coll\u00e8ge","isPartOf":{"@id":"https:\/\/staging.fascia.be\/fr\/#website"},"datePublished":"2020-11-25T11:05:43+00:00","dateModified":"2024-09-13T11:28:28+00:00","breadcrumb":{"@id":"https:\/\/staging.fascia.be\/fr\/contact\/faq\/#breadcrumb"},"inLanguage":"fr-FR","potentialAction":[{"@type":"ReadAction","target":["https:\/\/staging.fascia.be\/fr\/contact\/faq\/"]}]},{"@type":"BreadcrumbList","@id":"https:\/\/staging.fascia.be\/fr\/contact\/faq\/#breadcrumb","itemListElement":[{"@type":"ListItem","position":1,"name":"Home","item":"https:\/\/staging.fascia.be\/fr\/"},{"@type":"ListItem","position":2,"name":"Contact","item":"https:\/\/staging.fascia.be\/fr\/contact\/"},{"@type":"ListItem","position":3,"name":"FAQ"}]},{"@type":"WebSite","@id":"https:\/\/staging.fascia.be\/fr\/#website","url":"https:\/\/staging.fascia.be\/fr\/","name":"Fascia Coll\u00e8ge","description":"Fasciatherapie en Perceptieve pedagogie","potentialAction":[{"@type":"SearchAction","target":{"@type":"EntryPoint","urlTemplate":"https:\/\/staging.fascia.be\/fr\/?s={search_term_string}"},"query-input":{"@type":"PropertyValueSpecification","valueRequired":true,"valueName":"search_term_string"}}],"inLanguage":"fr-FR"}]}},"_links":{"self":[{"href":"https:\/\/staging.fascia.be\/fr\/wp-json\/wp\/v2\/pages\/1603","targetHints":{"allow":["GET"]}}],"collection":[{"href":"https:\/\/staging.fascia.be\/fr\/wp-json\/wp\/v2\/pages"}],"about":[{"href":"https:\/\/staging.fascia.be\/fr\/wp-json\/wp\/v2\/types\/page"}],"author":[{"embeddable":true,"href":"https:\/\/staging.fascia.be\/fr\/wp-json\/wp\/v2\/users\/1"}],"replies":[{"embeddable":true,"href":"https:\/\/staging.fascia.be\/fr\/wp-json\/wp\/v2\/comments?post=1603"}],"version-history":[{"count":6,"href":"https:\/\/staging.fascia.be\/fr\/wp-json\/wp\/v2\/pages\/1603\/revisions"}],"predecessor-version":[{"id":15254,"href":"https:\/\/staging.fascia.be\/fr\/wp-json\/wp\/v2\/pages\/1603\/revisions\/15254"}],"up":[{"embeddable":true,"href":"https:\/\/staging.fascia.be\/fr\/wp-json\/wp\/v2\/pages\/1605"}],"wp:attachment":[{"href":"https:\/\/staging.fascia.be\/fr\/wp-json\/wp\/v2\/media?parent=1603"}],"curies":[{"name":"wp","href":"https:\/\/api.w.org\/{rel}","templated":true}]}}