{"id":1601,"date":"2020-11-25T11:11:49","date_gmt":"2020-11-25T10:11:49","guid":{"rendered":"https:\/\/fascia.be\/organisations-partenaires\/"},"modified":"2024-02-12T14:25:56","modified_gmt":"2024-02-12T13:25:56","slug":"organisations-partenaires","status":"publish","type":"page","link":"https:\/\/staging.fascia.be\/fr\/contact\/organisations-partenaires\/","title":{"rendered":"Organisations Partenaires"},"content":{"rendered":"\n<h3 class=\"wp-block-heading\"><strong>Association Professionnelle Belge des Fasciath\u00e9rapeutes <\/strong><\/h3>\n\n\n\n<p>Pour les adresses des th\u00e9rapeutes en Belgique, aux Pays-Bas et au Luxembourg, contactez :<\/p>\n\n\n\n<div class=\"wp-block-columns is-layout-flex wp-container-core-columns-is-layout-9d6595d7 wp-block-columns-is-layout-flex\">\n<div class=\"wp-block-column is-layout-flow wp-block-column-is-layout-flow\" style=\"flex-basis:33.33%\"><div class=\"wp-block-image\">\n<figure class=\"aligncenter size-large is-resized\"><img loading=\"lazy\" decoding=\"async\" width=\"1024\" height=\"211\" src=\"https:\/\/fascia.be\/wp-content\/uploads\/2024\/02\/logo-ff.fr-PNG-formaat-1024x211.png\" alt=\"\" class=\"wp-image-13314\" style=\"width:257px;height:auto\" srcset=\"https:\/\/staging.fascia.be\/wp-content\/uploads\/2024\/02\/logo-ff.fr-PNG-formaat-1024x211.png 1024w, https:\/\/staging.fascia.be\/wp-content\/uploads\/2024\/02\/logo-ff.fr-PNG-formaat-300x62.png 300w, https:\/\/staging.fascia.be\/wp-content\/uploads\/2024\/02\/logo-ff.fr-PNG-formaat-768x158.png 768w, https:\/\/staging.fascia.be\/wp-content\/uploads\/2024\/02\/logo-ff.fr-PNG-formaat-1536x316.png 1536w, https:\/\/staging.fascia.be\/wp-content\/uploads\/2024\/02\/logo-ff.fr-PNG-formaat.png 2000w\" sizes=\"auto, (max-width: 1024px) 100vw, 1024px\" \/><\/figure>\n<\/div><\/div>\n\n\n\n<div class=\"wp-block-column is-layout-flow wp-block-column-is-layout-flow\" style=\"flex-basis:66.66%\">\n<p><strong>ASBL. F\u00e9deration Fasciath\u00e9rapeutes (FF)<\/strong> <br>Sarah Schellekens<br>Vaddenhoek 28<br>9700 Mullem<\/p>\n\n\n\n<p>Belgi\u00eb<\/p>\n\n\n\n<p><a href=\"mailto:info@fasciatherapeuten.be\" data-type=\"mailto\" data-id=\"mailto:info@fasciatherapeuten.be\">info@fasciatherapeuten.be<\/a><\/p>\n\n\n\n<p><a href=\"http:\/\/www.fasciatherapeuten.be\" data-type=\"URL\" data-id=\"http:\/\/www.fasciatherapeuten.be\">https:\/\/www.fasciatherapeuten.be<\/a><\/p>\n<\/div>\n<\/div>\n\n\n\n<hr class=\"wp-block-separator has-css-opacity\" \/>\n\n\n\n<h2 class=\"wp-block-heading\"><strong>France<\/strong><\/h2>\n\n\n\n<p>Pour les informations concernant les formations en France, contactez :<\/p>\n\n\n\n<div class=\"wp-block-columns is-layout-flex wp-container-core-columns-is-layout-9d6595d7 wp-block-columns-is-layout-flex\">\n<div class=\"wp-block-column is-layout-flow wp-block-column-is-layout-flow\" style=\"flex-basis:33.33%\"><div class=\"wp-block-image\">\n<figure class=\"aligncenter size-large\"><a href=\"http:\/\/www.fascia.tmgconcept.info\/\" target=\"_blank\" rel=\"noopener\"><img loading=\"lazy\" decoding=\"async\" width=\"360\" height=\"200\" src=\"https:\/\/fascia.be\/wp-content\/uploads\/2021\/02\/tmg.png\" alt=\"\" class=\"wp-image-1229\" srcset=\"https:\/\/staging.fascia.be\/wp-content\/uploads\/2021\/02\/tmg.png 360w, https:\/\/staging.fascia.be\/wp-content\/uploads\/2021\/02\/tmg-300x167.png 300w\" sizes=\"auto, (max-width: 360px) 100vw, 360px\" \/><\/a><\/figure>\n<\/div><\/div>\n\n\n\n<div class=\"wp-block-column is-layout-flow wp-block-column-is-layout-flow\" style=\"flex-basis:66.66%\">\n<p><strong>TMG Fascia Concept<\/strong> <br>63 boulevard Berthelot <br>63000 Clermont-Ferrand <br>France <br><a href=\"mailto:info.tmgconcept@gmail.com\">info.tmgconcept@gmail.com<\/a> <br><a rel=\"noreferrer noopener\" href=\"http:\/\/www.fascia.tmgconcept.info\/\" target=\"_blank\">http:\/\/www.fascia.tmgconcept.info<\/a><\/p>\n<\/div>\n<\/div>\n\n\n\n<hr class=\"wp-block-separator has-css-opacity\" \/>\n\n\n\n<div class=\"wp-block-columns is-layout-flex wp-container-core-columns-is-layout-9d6595d7 wp-block-columns-is-layout-flex\">\n<div class=\"wp-block-column is-layout-flow wp-block-column-is-layout-flow\" style=\"flex-basis:33.33%\"><div class=\"wp-block-image\">\n<figure class=\"aligncenter size-large\"><a href=\"https:\/\/fasciafrance.fr\/\" target=\"_blank\" rel=\"noopener\"><img loading=\"lazy\" decoding=\"async\" width=\"360\" height=\"200\" src=\"https:\/\/fascia.be\/wp-content\/uploads\/2021\/02\/fasciafrance-1.png\" alt=\"\" class=\"wp-image-1233\" srcset=\"https:\/\/staging.fascia.be\/wp-content\/uploads\/2021\/02\/fasciafrance-1.png 360w, https:\/\/staging.fascia.be\/wp-content\/uploads\/2021\/02\/fasciafrance-1-300x167.png 300w\" sizes=\"auto, (max-width: 360px) 100vw, 360px\" \/><\/a><\/figure>\n<\/div><\/div>\n\n\n\n<div class=\"wp-block-column is-layout-flow wp-block-column-is-layout-flow\" style=\"flex-basis:66.66%\">\n<p><\/p>\n\n\n\n<p>Pour trouver un praticien en France, contactez:<br><a rel=\"noreferrer noopener\" href=\"https:\/\/fasciafrance.fr\/\" target=\"_blank\">https:\/\/fasciafrance.fr\/<\/a><\/p>\n<\/div>\n<\/div>\n\n\n\n<hr class=\"wp-block-separator has-css-opacity\" \/>\n\n\n\n<h2 class=\"wp-block-heading\"><strong>Suisse<\/strong><\/h2>\n\n\n\n<p>Pour les informations concernant les formations en Suisse, contactez :<\/p>\n\n\n\n<div class=\"wp-block-columns is-layout-flex wp-container-core-columns-is-layout-9d6595d7 wp-block-columns-is-layout-flex\">\n<div class=\"wp-block-column is-layout-flow wp-block-column-is-layout-flow\" style=\"flex-basis:33.33%\"><div class=\"wp-block-image\">\n<figure class=\"aligncenter size-large\"><a href=\"https:\/\/www.fasciaformation.chinfo@fasciaformation.ch\/\" target=\"_blank\" rel=\"noopener\"><img loading=\"lazy\" decoding=\"async\" width=\"360\" height=\"200\" src=\"https:\/\/fascia.be\/wp-content\/uploads\/2021\/02\/fascia-formation-uisse-2.png\" alt=\"\" class=\"wp-image-1240\" srcset=\"https:\/\/staging.fascia.be\/wp-content\/uploads\/2021\/02\/fascia-formation-uisse-2.png 360w, https:\/\/staging.fascia.be\/wp-content\/uploads\/2021\/02\/fascia-formation-uisse-2-300x167.png 300w\" sizes=\"auto, (max-width: 360px) 100vw, 360px\" \/><\/a><\/figure>\n<\/div><\/div>\n\n\n\n<div class=\"wp-block-column is-layout-flow wp-block-column-is-layout-flow\" style=\"flex-basis:66.66%\">\n<p>Fascia Formation Suisse: <br>17, rue des Epinettes<br>1227 Les Acacias Suisse <br>+41 (22) 342 40 64<\/p>\n\n\n\n<p><a rel=\"noreferrer noopener\" href=\"https:\/\/www.fasciaformation.chinfo@fasciaformation.ch\" target=\"_blank\">https:\/\/www.fasciaformation.ch<\/a> <br><a href=\"mailto:info@fasciaformation.ch\" data-type=\"mailto\" data-id=\"mailto:info@fasciaformation.ch\">info@fasciaformation.ch<\/a><\/p>\n\n\n\n<p>Lieu de formation:\nCercle ouvrier lausannois\nSalle Jean-Villard Gilles\nPlace Chauderon 5, 1003 Lausanne<\/p>\n<\/div>\n<\/div>\n\n\n\n<hr class=\"wp-block-separator has-css-opacity\" \/>\n\n\n\n<div class=\"wp-block-columns is-layout-flex wp-container-core-columns-is-layout-9d6595d7 wp-block-columns-is-layout-flex\">\n<div class=\"wp-block-column is-layout-flow wp-block-column-is-layout-flow\" style=\"flex-basis:33.33%\">\n<figure class=\"wp-block-image size-large\"><a href=\"https:\/\/asfascia.ch\/\" target=\"_blank\" rel=\"noopener\"><img loading=\"lazy\" decoding=\"async\" width=\"360\" height=\"200\" src=\"https:\/\/fascia.be\/wp-content\/uploads\/2021\/02\/asfasciach.png\" alt=\"\" class=\"wp-image-1243\" srcset=\"https:\/\/staging.fascia.be\/wp-content\/uploads\/2021\/02\/asfasciach.png 360w, https:\/\/staging.fascia.be\/wp-content\/uploads\/2021\/02\/asfasciach-300x167.png 300w\" sizes=\"auto, (max-width: 360px) 100vw, 360px\" \/><\/a><\/figure>\n<\/div>\n\n\n\n<div class=\"wp-block-column is-layout-flow wp-block-column-is-layout-flow\" style=\"flex-basis:66.66%\">\n<p><\/p>\n\n\n\n<p>Pour trouver un praticien en Suisse, contactez:<\/p>\n\n\n\n<p>L\u2019Association Suisse des Fasciath\u00e9rapeutes:\n<a href=\"https:\/\/asfascia.ch\" target=\"_blank\" rel=\"noreferrer noopener\">www.asfascia.ch<\/a><\/p>\n<\/div>\n<\/div>\n\n\n\n<hr class=\"wp-block-separator has-css-opacity\" \/>\n\n\n\n<h2 class=\"wp-block-heading\">Portugal<\/h2>\n\n\n\n<p>Pour les informations concernant des cours universitaires (3i\u00e8me cycle), contactez :<\/p>\n\n\n\n<div class=\"wp-block-columns is-layout-flex wp-container-core-columns-is-layout-9d6595d7 wp-block-columns-is-layout-flex\">\n<div class=\"wp-block-column is-layout-flow wp-block-column-is-layout-flow\" style=\"flex-basis:33.33%\"><div class=\"wp-block-image\">\n<figure class=\"aligncenter size-large\"><a href=\"https:\/\/www.cerap.org\/\" target=\"_blank\" rel=\"noopener\"><img loading=\"lazy\" decoding=\"async\" width=\"360\" height=\"200\" src=\"https:\/\/fascia.be\/wp-content\/uploads\/2021\/02\/cerap-1.png\" alt=\"\" class=\"wp-image-1247\" srcset=\"https:\/\/staging.fascia.be\/wp-content\/uploads\/2021\/02\/cerap-1.png 360w, https:\/\/staging.fascia.be\/wp-content\/uploads\/2021\/02\/cerap-1-300x167.png 300w\" sizes=\"auto, (max-width: 360px) 100vw, 360px\" \/><\/a><\/figure>\n<\/div><\/div>\n\n\n\n<div class=\"wp-block-column is-layout-flow wp-block-column-is-layout-flow\" style=\"flex-basis:66.66%\">\n<p><strong>Centre d\u2019Etude et de Recherche Appliqu\u00e9e en Psychop\u00e9dagogie perceptive (CERAP). UNIVERSIDADE FERNANDO PESSOA<\/strong> <br>Pra\u00e7a 9 de Abril, 349 | 4249-004 Porto <br>Telf. +351 22 5071300<br>Portugal<br><br>00351 21 30 33 456 \u2013 info@cerap.org <br><a rel=\"noreferrer noopener\" href=\"https:\/\/www.cerap.org\" target=\"_blank\" data-type=\"URL\" data-id=\"https:\/\/www.cerap.org\">www.cerap.org<\/a><\/p>\n<\/div>\n<\/div>\n\n\n\n<hr class=\"wp-block-separator has-css-opacity\" \/>\n\n\n\n<h2 class=\"wp-block-heading\">Qu\u00e9bec<\/h2>\n\n\n\n<p>Pour les informations concernant les formations et adresses de th\u00e9rapeutes au Qu\u00e9bec, contactez :<\/p>\n\n\n\n<div class=\"wp-block-columns is-layout-flex wp-container-core-columns-is-layout-9d6595d7 wp-block-columns-is-layout-flex\">\n<div class=\"wp-block-column is-layout-flow wp-block-column-is-layout-flow\" style=\"flex-basis:33.33%\"><div class=\"wp-block-image\">\n<figure class=\"aligncenter size-large\"><a href=\"https:\/\/www.sppquebec.com\/\" target=\"_blank\" rel=\"noopener\"><img loading=\"lazy\" decoding=\"async\" width=\"360\" height=\"200\" src=\"https:\/\/fascia.be\/wp-content\/uploads\/2021\/02\/quebec.png\" alt=\"\" class=\"wp-image-1250\" srcset=\"https:\/\/staging.fascia.be\/wp-content\/uploads\/2021\/02\/quebec.png 360w, https:\/\/staging.fascia.be\/wp-content\/uploads\/2021\/02\/quebec-300x167.png 300w\" sizes=\"auto, (max-width: 360px) 100vw, 360px\" \/><\/a><\/figure>\n<\/div><\/div>\n\n\n\n<div class=\"wp-block-column is-layout-flow wp-block-column-is-layout-flow\" style=\"flex-basis:66.66%\">\n<p>Institut de formation en Somato-psychop\u00e9dagogie et fasciath\u00e9rapie du Qu\u00e9bec. <br>4058, rue Parthenais <br>Montr\u00e9al, Qu\u00e9bec <br>H2K 3T9 Canada <br><br>+1\/514.313.1140 +1\/866.262.7632 <a href=\"mailto:info@sppquebec.com\">info@sppquebec.com<\/a> <a rel=\"noreferrer noopener\" href=\"https:\/\/www.sppquebec.com\" target=\"_blank\" data-type=\"URL\" data-id=\"https:\/\/www.sppquebec.com\">www.sppquebec.com<\/a><\/p>\n<\/div>\n<\/div>\n","protected":false},"excerpt":{"rendered":"<p>Association Professionnelle Belge des Fasciath\u00e9rapeutes Pour les adresses des th\u00e9rapeutes en Belgique, aux Pays-Bas et au Luxembourg, contactez : ASBL. F\u00e9deration Fasciath\u00e9rapeutes (FF) Sarah SchellekensVaddenhoek 289700 Mullem Belgi\u00eb info@fasciatherapeuten.be https:\/\/www.fasciatherapeuten.be France Pour les informations concernant les formations en France, contactez : TMG Fascia Concept 63 boulevard Berthelot 63000 Clermont-Ferrand France info.tmgconcept@gmail.com http:\/\/www.fascia.tmgconcept.info Pour trouver un [&hellip;]<\/p>\n","protected":false},"author":1,"featured_media":0,"parent":1605,"menu_order":0,"comment_status":"closed","ping_status":"closed","template":"","meta":{"_acf_changed":false,"footnotes":""},"class_list":["post-1601","page","type-page","status-publish","hentry"],"acf":[],"yoast_head":"<!-- This site is optimized with the Yoast SEO plugin v27.4 - https:\/\/yoast.com\/product\/yoast-seo-wordpress\/ -->\n<title>Organisations Partenaires - Fascia Coll\u00e8ge<\/title>\n<meta name=\"robots\" content=\"noindex, follow, max-snippet:-1, max-image-preview:large, max-video-preview:-1\" \/>\n<meta property=\"og:locale\" content=\"fr_FR\" \/>\n<meta property=\"og:type\" content=\"article\" \/>\n<meta property=\"og:title\" content=\"Organisations Partenaires - Fascia Coll\u00e8ge\" \/>\n<meta property=\"og:description\" content=\"Association Professionnelle Belge des Fasciath\u00e9rapeutes Pour les adresses des th\u00e9rapeutes en Belgique, aux Pays-Bas et au Luxembourg, contactez : ASBL. F\u00e9deration Fasciath\u00e9rapeutes (FF) Sarah SchellekensVaddenhoek 289700 Mullem Belgi\u00eb info@fasciatherapeuten.be https:\/\/www.fasciatherapeuten.be France Pour les informations concernant les formations en France, contactez : TMG Fascia Concept 63 boulevard Berthelot 63000 Clermont-Ferrand France info.tmgconcept@gmail.com http:\/\/www.fascia.tmgconcept.info Pour trouver un [&hellip;]\" \/>\n<meta property=\"og:url\" content=\"https:\/\/staging.fascia.be\/fr\/contact\/organisations-partenaires\/\" \/>\n<meta property=\"og:site_name\" content=\"Fascia Coll\u00e8ge\" \/>\n<meta property=\"article:modified_time\" content=\"2024-02-12T13:25:56+00:00\" \/>\n<meta property=\"og:image\" content=\"https:\/\/fascia.be\/wp-content\/uploads\/2024\/02\/logo-ff.fr-PNG-formaat-1024x211.png\" \/>\n<meta name=\"twitter:card\" content=\"summary_large_image\" \/>\n<meta name=\"twitter:label1\" content=\"Dur\u00e9e de lecture estim\u00e9e\" \/>\n\t<meta name=\"twitter:data1\" content=\"3 minutes\" \/>\n<script type=\"application\/ld+json\" class=\"yoast-schema-graph\">{\"@context\":\"https:\\\/\\\/schema.org\",\"@graph\":[{\"@type\":\"WebPage\",\"@id\":\"https:\\\/\\\/staging.fascia.be\\\/fr\\\/contact\\\/organisations-partenaires\\\/\",\"url\":\"https:\\\/\\\/staging.fascia.be\\\/fr\\\/contact\\\/organisations-partenaires\\\/\",\"name\":\"Organisations Partenaires - Fascia Coll\u00e8ge\",\"isPartOf\":{\"@id\":\"https:\\\/\\\/staging.fascia.be\\\/fr\\\/#website\"},\"primaryImageOfPage\":{\"@id\":\"https:\\\/\\\/staging.fascia.be\\\/fr\\\/contact\\\/organisations-partenaires\\\/#primaryimage\"},\"image\":{\"@id\":\"https:\\\/\\\/staging.fascia.be\\\/fr\\\/contact\\\/organisations-partenaires\\\/#primaryimage\"},\"thumbnailUrl\":\"https:\\\/\\\/fascia.be\\\/wp-content\\\/uploads\\\/2024\\\/02\\\/logo-ff.fr-PNG-formaat-1024x211.png\",\"datePublished\":\"2020-11-25T10:11:49+00:00\",\"dateModified\":\"2024-02-12T13:25:56+00:00\",\"breadcrumb\":{\"@id\":\"https:\\\/\\\/staging.fascia.be\\\/fr\\\/contact\\\/organisations-partenaires\\\/#breadcrumb\"},\"inLanguage\":\"fr-FR\",\"potentialAction\":[{\"@type\":\"ReadAction\",\"target\":[\"https:\\\/\\\/staging.fascia.be\\\/fr\\\/contact\\\/organisations-partenaires\\\/\"]}]},{\"@type\":\"ImageObject\",\"inLanguage\":\"fr-FR\",\"@id\":\"https:\\\/\\\/staging.fascia.be\\\/fr\\\/contact\\\/organisations-partenaires\\\/#primaryimage\",\"url\":\"https:\\\/\\\/fascia.be\\\/wp-content\\\/uploads\\\/2024\\\/02\\\/logo-ff.fr-PNG-formaat-1024x211.png\",\"contentUrl\":\"https:\\\/\\\/fascia.be\\\/wp-content\\\/uploads\\\/2024\\\/02\\\/logo-ff.fr-PNG-formaat-1024x211.png\"},{\"@type\":\"BreadcrumbList\",\"@id\":\"https:\\\/\\\/staging.fascia.be\\\/fr\\\/contact\\\/organisations-partenaires\\\/#breadcrumb\",\"itemListElement\":[{\"@type\":\"ListItem\",\"position\":1,\"name\":\"Home\",\"item\":\"https:\\\/\\\/staging.fascia.be\\\/fr\\\/\"},{\"@type\":\"ListItem\",\"position\":2,\"name\":\"Contact\",\"item\":\"https:\\\/\\\/staging.fascia.be\\\/fr\\\/contact\\\/\"},{\"@type\":\"ListItem\",\"position\":3,\"name\":\"Organisations Partenaires\"}]},{\"@type\":\"WebSite\",\"@id\":\"https:\\\/\\\/staging.fascia.be\\\/fr\\\/#website\",\"url\":\"https:\\\/\\\/staging.fascia.be\\\/fr\\\/\",\"name\":\"Fascia Coll\u00e8ge\",\"description\":\"Fasciatherapie en Perceptieve pedagogie\",\"potentialAction\":[{\"@type\":\"SearchAction\",\"target\":{\"@type\":\"EntryPoint\",\"urlTemplate\":\"https:\\\/\\\/staging.fascia.be\\\/fr\\\/?s={search_term_string}\"},\"query-input\":{\"@type\":\"PropertyValueSpecification\",\"valueRequired\":true,\"valueName\":\"search_term_string\"}}],\"inLanguage\":\"fr-FR\"}]}<\/script>\n<!-- \/ Yoast SEO plugin. -->","yoast_head_json":{"title":"Organisations Partenaires - Fascia Coll\u00e8ge","robots":{"index":"noindex","follow":"follow","max-snippet":"max-snippet:-1","max-image-preview":"max-image-preview:large","max-video-preview":"max-video-preview:-1"},"og_locale":"fr_FR","og_type":"article","og_title":"Organisations Partenaires - Fascia Coll\u00e8ge","og_description":"Association Professionnelle Belge des Fasciath\u00e9rapeutes Pour les adresses des th\u00e9rapeutes en Belgique, aux Pays-Bas et au Luxembourg, contactez : ASBL. F\u00e9deration Fasciath\u00e9rapeutes (FF) Sarah SchellekensVaddenhoek 289700 Mullem Belgi\u00eb info@fasciatherapeuten.be https:\/\/www.fasciatherapeuten.be France Pour les informations concernant les formations en France, contactez : TMG Fascia Concept 63 boulevard Berthelot 63000 Clermont-Ferrand France info.tmgconcept@gmail.com http:\/\/www.fascia.tmgconcept.info Pour trouver un [&hellip;]","og_url":"https:\/\/staging.fascia.be\/fr\/contact\/organisations-partenaires\/","og_site_name":"Fascia Coll\u00e8ge","article_modified_time":"2024-02-12T13:25:56+00:00","og_image":[{"url":"https:\/\/fascia.be\/wp-content\/uploads\/2024\/02\/logo-ff.fr-PNG-formaat-1024x211.png","type":"","width":"","height":""}],"twitter_card":"summary_large_image","twitter_misc":{"Dur\u00e9e de lecture estim\u00e9e":"3 minutes"},"schema":{"@context":"https:\/\/schema.org","@graph":[{"@type":"WebPage","@id":"https:\/\/staging.fascia.be\/fr\/contact\/organisations-partenaires\/","url":"https:\/\/staging.fascia.be\/fr\/contact\/organisations-partenaires\/","name":"Organisations Partenaires - Fascia Coll\u00e8ge","isPartOf":{"@id":"https:\/\/staging.fascia.be\/fr\/#website"},"primaryImageOfPage":{"@id":"https:\/\/staging.fascia.be\/fr\/contact\/organisations-partenaires\/#primaryimage"},"image":{"@id":"https:\/\/staging.fascia.be\/fr\/contact\/organisations-partenaires\/#primaryimage"},"thumbnailUrl":"https:\/\/fascia.be\/wp-content\/uploads\/2024\/02\/logo-ff.fr-PNG-formaat-1024x211.png","datePublished":"2020-11-25T10:11:49+00:00","dateModified":"2024-02-12T13:25:56+00:00","breadcrumb":{"@id":"https:\/\/staging.fascia.be\/fr\/contact\/organisations-partenaires\/#breadcrumb"},"inLanguage":"fr-FR","potentialAction":[{"@type":"ReadAction","target":["https:\/\/staging.fascia.be\/fr\/contact\/organisations-partenaires\/"]}]},{"@type":"ImageObject","inLanguage":"fr-FR","@id":"https:\/\/staging.fascia.be\/fr\/contact\/organisations-partenaires\/#primaryimage","url":"https:\/\/fascia.be\/wp-content\/uploads\/2024\/02\/logo-ff.fr-PNG-formaat-1024x211.png","contentUrl":"https:\/\/fascia.be\/wp-content\/uploads\/2024\/02\/logo-ff.fr-PNG-formaat-1024x211.png"},{"@type":"BreadcrumbList","@id":"https:\/\/staging.fascia.be\/fr\/contact\/organisations-partenaires\/#breadcrumb","itemListElement":[{"@type":"ListItem","position":1,"name":"Home","item":"https:\/\/staging.fascia.be\/fr\/"},{"@type":"ListItem","position":2,"name":"Contact","item":"https:\/\/staging.fascia.be\/fr\/contact\/"},{"@type":"ListItem","position":3,"name":"Organisations Partenaires"}]},{"@type":"WebSite","@id":"https:\/\/staging.fascia.be\/fr\/#website","url":"https:\/\/staging.fascia.be\/fr\/","name":"Fascia Coll\u00e8ge","description":"Fasciatherapie en Perceptieve pedagogie","potentialAction":[{"@type":"SearchAction","target":{"@type":"EntryPoint","urlTemplate":"https:\/\/staging.fascia.be\/fr\/?s={search_term_string}"},"query-input":{"@type":"PropertyValueSpecification","valueRequired":true,"valueName":"search_term_string"}}],"inLanguage":"fr-FR"}]}},"_links":{"self":[{"href":"https:\/\/staging.fascia.be\/fr\/wp-json\/wp\/v2\/pages\/1601","targetHints":{"allow":["GET"]}}],"collection":[{"href":"https:\/\/staging.fascia.be\/fr\/wp-json\/wp\/v2\/pages"}],"about":[{"href":"https:\/\/staging.fascia.be\/fr\/wp-json\/wp\/v2\/types\/page"}],"author":[{"embeddable":true,"href":"https:\/\/staging.fascia.be\/fr\/wp-json\/wp\/v2\/users\/1"}],"replies":[{"embeddable":true,"href":"https:\/\/staging.fascia.be\/fr\/wp-json\/wp\/v2\/comments?post=1601"}],"version-history":[{"count":9,"href":"https:\/\/staging.fascia.be\/fr\/wp-json\/wp\/v2\/pages\/1601\/revisions"}],"predecessor-version":[{"id":13317,"href":"https:\/\/staging.fascia.be\/fr\/wp-json\/wp\/v2\/pages\/1601\/revisions\/13317"}],"up":[{"embeddable":true,"href":"https:\/\/staging.fascia.be\/fr\/wp-json\/wp\/v2\/pages\/1605"}],"wp:attachment":[{"href":"https:\/\/staging.fascia.be\/fr\/wp-json\/wp\/v2\/media?parent=1601"}],"curies":[{"name":"wp","href":"https:\/\/api.w.org\/{rel}","templated":true}]}}