{"id":1593,"date":"2020-10-21T08:49:59","date_gmt":"2020-10-21T06:49:59","guid":{"rendered":"https:\/\/fascia.be\/bienvenue\/"},"modified":"2021-12-23T08:04:47","modified_gmt":"2021-12-23T07:04:47","slug":"bienvenue","status":"publish","type":"page","link":"https:\/\/staging.fascia.be\/fr\/","title":{"rendered":"Bienvenue"},"content":{"rendered":"\n<p>Le Fascia Coll\u00e8ge repr\u00e9sente un enseignement de haut niveau dans un environnement agr\u00e9able et respectueux. Notre organisation enseigne la m\u00e9thode de la fasciath\u00e9rapie dont le fondateur est Danis Bois et utilise les r\u00e9sultats r\u00e9cents de la recherche scientifique sur les fascias.<\/p>\n\n<p>En tant que th\u00e9rapeute manuel, \u00e9largissez votre arsenal de traitement et apprenez \u00e0 conna\u00eetre les techniques manuelles sp\u00e9cifiques et la r\u00e9cr\u00e9ation du mouvement utilis\u00e9es dans la fasciath\u00e9rapie.<\/p>\n","protected":false},"excerpt":{"rendered":"<p>Le Fascia Coll\u00e8ge repr\u00e9sente un enseignement de haut niveau dans un environnement agr\u00e9able et respectueux. Notre organisation enseigne la m\u00e9thode de la fasciath\u00e9rapie dont le fondateur est Danis Bois et utilise les r\u00e9sultats r\u00e9cents de la recherche scientifique sur les fascias. En tant que th\u00e9rapeute manuel, \u00e9largissez votre arsenal de traitement et apprenez \u00e0 conna\u00eetre [&hellip;]<\/p>\n","protected":false},"author":1,"featured_media":0,"parent":0,"menu_order":0,"comment_status":"closed","ping_status":"closed","template":"","meta":{"_acf_changed":false,"footnotes":""},"class_list":["post-1593","page","type-page","status-publish","hentry"],"acf":[],"yoast_head":"<!-- This site is optimized with the Yoast SEO plugin v27.4 - https:\/\/yoast.com\/product\/yoast-seo-wordpress\/ -->\n<title>Bienvenue - Fascia Coll\u00e8ge<\/title>\n<meta name=\"robots\" content=\"noindex, follow, max-snippet:-1, max-image-preview:large, max-video-preview:-1\" \/>\n<meta property=\"og:locale\" content=\"fr_FR\" \/>\n<meta property=\"og:type\" content=\"article\" \/>\n<meta property=\"og:title\" content=\"Bienvenue - Fascia Coll\u00e8ge\" \/>\n<meta property=\"og:description\" content=\"Le Fascia Coll\u00e8ge repr\u00e9sente un enseignement de haut niveau dans un environnement agr\u00e9able et respectueux. Notre organisation enseigne la m\u00e9thode de la fasciath\u00e9rapie dont le fondateur est Danis Bois et utilise les r\u00e9sultats r\u00e9cents de la recherche scientifique sur les fascias. En tant que th\u00e9rapeute manuel, \u00e9largissez votre arsenal de traitement et apprenez \u00e0 conna\u00eetre [&hellip;]\" \/>\n<meta property=\"og:url\" content=\"https:\/\/staging.fascia.be\/fr\/\" \/>\n<meta property=\"og:site_name\" content=\"Fascia Coll\u00e8ge\" \/>\n<meta property=\"article:modified_time\" content=\"2021-12-23T07:04:47+00:00\" \/>\n<meta name=\"twitter:card\" content=\"summary_large_image\" \/>\n<script type=\"application\/ld+json\" class=\"yoast-schema-graph\">{\"@context\":\"https:\\\/\\\/schema.org\",\"@graph\":[{\"@type\":\"WebPage\",\"@id\":\"https:\\\/\\\/staging.fascia.be\\\/fr\\\/\",\"url\":\"https:\\\/\\\/staging.fascia.be\\\/fr\\\/\",\"name\":\"Bienvenue - Fascia Coll\u00e8ge\",\"isPartOf\":{\"@id\":\"https:\\\/\\\/staging.fascia.be\\\/fr\\\/#website\"},\"datePublished\":\"2020-10-21T06:49:59+00:00\",\"dateModified\":\"2021-12-23T07:04:47+00:00\",\"breadcrumb\":{\"@id\":\"https:\\\/\\\/staging.fascia.be\\\/fr\\\/#breadcrumb\"},\"inLanguage\":\"fr-FR\",\"potentialAction\":[{\"@type\":\"ReadAction\",\"target\":[\"https:\\\/\\\/staging.fascia.be\\\/fr\\\/\"]}]},{\"@type\":\"BreadcrumbList\",\"@id\":\"https:\\\/\\\/staging.fascia.be\\\/fr\\\/#breadcrumb\",\"itemListElement\":[{\"@type\":\"ListItem\",\"position\":1,\"name\":\"Home\",\"item\":\"https:\\\/\\\/staging.fascia.be\\\/fr\\\/\"},{\"@type\":\"ListItem\",\"position\":2,\"name\":\"Bienvenue\"}]},{\"@type\":\"WebSite\",\"@id\":\"https:\\\/\\\/staging.fascia.be\\\/fr\\\/#website\",\"url\":\"https:\\\/\\\/staging.fascia.be\\\/fr\\\/\",\"name\":\"Fascia Coll\u00e8ge\",\"description\":\"Fasciatherapie en Perceptieve pedagogie\",\"potentialAction\":[{\"@type\":\"SearchAction\",\"target\":{\"@type\":\"EntryPoint\",\"urlTemplate\":\"https:\\\/\\\/staging.fascia.be\\\/fr\\\/?s={search_term_string}\"},\"query-input\":{\"@type\":\"PropertyValueSpecification\",\"valueRequired\":true,\"valueName\":\"search_term_string\"}}],\"inLanguage\":\"fr-FR\"}]}<\/script>\n<!-- \/ Yoast SEO plugin. -->","yoast_head_json":{"title":"Bienvenue - Fascia Coll\u00e8ge","robots":{"index":"noindex","follow":"follow","max-snippet":"max-snippet:-1","max-image-preview":"max-image-preview:large","max-video-preview":"max-video-preview:-1"},"og_locale":"fr_FR","og_type":"article","og_title":"Bienvenue - Fascia Coll\u00e8ge","og_description":"Le Fascia Coll\u00e8ge repr\u00e9sente un enseignement de haut niveau dans un environnement agr\u00e9able et respectueux. Notre organisation enseigne la m\u00e9thode de la fasciath\u00e9rapie dont le fondateur est Danis Bois et utilise les r\u00e9sultats r\u00e9cents de la recherche scientifique sur les fascias. En tant que th\u00e9rapeute manuel, \u00e9largissez votre arsenal de traitement et apprenez \u00e0 conna\u00eetre [&hellip;]","og_url":"https:\/\/staging.fascia.be\/fr\/","og_site_name":"Fascia Coll\u00e8ge","article_modified_time":"2021-12-23T07:04:47+00:00","twitter_card":"summary_large_image","schema":{"@context":"https:\/\/schema.org","@graph":[{"@type":"WebPage","@id":"https:\/\/staging.fascia.be\/fr\/","url":"https:\/\/staging.fascia.be\/fr\/","name":"Bienvenue - Fascia Coll\u00e8ge","isPartOf":{"@id":"https:\/\/staging.fascia.be\/fr\/#website"},"datePublished":"2020-10-21T06:49:59+00:00","dateModified":"2021-12-23T07:04:47+00:00","breadcrumb":{"@id":"https:\/\/staging.fascia.be\/fr\/#breadcrumb"},"inLanguage":"fr-FR","potentialAction":[{"@type":"ReadAction","target":["https:\/\/staging.fascia.be\/fr\/"]}]},{"@type":"BreadcrumbList","@id":"https:\/\/staging.fascia.be\/fr\/#breadcrumb","itemListElement":[{"@type":"ListItem","position":1,"name":"Home","item":"https:\/\/staging.fascia.be\/fr\/"},{"@type":"ListItem","position":2,"name":"Bienvenue"}]},{"@type":"WebSite","@id":"https:\/\/staging.fascia.be\/fr\/#website","url":"https:\/\/staging.fascia.be\/fr\/","name":"Fascia Coll\u00e8ge","description":"Fasciatherapie en Perceptieve pedagogie","potentialAction":[{"@type":"SearchAction","target":{"@type":"EntryPoint","urlTemplate":"https:\/\/staging.fascia.be\/fr\/?s={search_term_string}"},"query-input":{"@type":"PropertyValueSpecification","valueRequired":true,"valueName":"search_term_string"}}],"inLanguage":"fr-FR"}]}},"_links":{"self":[{"href":"https:\/\/staging.fascia.be\/fr\/wp-json\/wp\/v2\/pages\/1593","targetHints":{"allow":["GET"]}}],"collection":[{"href":"https:\/\/staging.fascia.be\/fr\/wp-json\/wp\/v2\/pages"}],"about":[{"href":"https:\/\/staging.fascia.be\/fr\/wp-json\/wp\/v2\/types\/page"}],"author":[{"embeddable":true,"href":"https:\/\/staging.fascia.be\/fr\/wp-json\/wp\/v2\/users\/1"}],"replies":[{"embeddable":true,"href":"https:\/\/staging.fascia.be\/fr\/wp-json\/wp\/v2\/comments?post=1593"}],"version-history":[{"count":5,"href":"https:\/\/staging.fascia.be\/fr\/wp-json\/wp\/v2\/pages\/1593\/revisions"}],"predecessor-version":[{"id":4800,"href":"https:\/\/staging.fascia.be\/fr\/wp-json\/wp\/v2\/pages\/1593\/revisions\/4800"}],"wp:attachment":[{"href":"https:\/\/staging.fascia.be\/fr\/wp-json\/wp\/v2\/media?parent=1593"}],"curies":[{"name":"wp","href":"https:\/\/api.w.org\/{rel}","templated":true}]}}